{"id":96,"date":"2022-03-28T17:09:32","date_gmt":"2022-03-28T15:09:32","guid":{"rendered":"https:\/\/oree-de-marly.com\/?page_id=96"},"modified":"2022-11-23T00:05:02","modified_gmt":"2022-11-22T23:05:02","slug":"livret-daccueil","status":"publish","type":"page","link":"https:\/\/oree-de-marly.com\/?page_id=96","title":{"rendered":"Livret d&#8217;accueil"},"content":{"rendered":"\n<p>Afin de pouvoir b\u00e9n\u00e9ficier pleinement des avantages de ce lieu privil\u00e9gi\u00e9 et vivre en bonne harmonie avec l\u2019ensemble des r\u00e9sidents, le lecteur est invit\u00e9 \u00e0 prendre connaissance des informations contenues dans le livret d&#8217;accueil et le cas \u00e9ch\u00e9ant&nbsp;le remettre \u00e0 ses locataires.<\/p>\n\n\n\n<p>Vous pouvez feuilleter ce livret en ligne ci-dessous ou le t\u00e9l\u00e9charger en format PDF en cliquant le bouton en dessous du livret.<\/p>\n\n\n\n<p class=\"has-text-align-center\">Le livret est en cours de mise \u00e0 jour&#8230;<\/p>\n\n\n\n<style>\n\t#hotspot-936 .hotspots-image-container,\n\t#hotspot-936 .leaflet-container {\n\t\tbackground: #efefef\t}\n\n\t#hotspot-936 .hotspots-placeholder {\n\t\tbackground: #2E2D29;\n\t\tborder: 0 #2E2D29 solid;\n\t\tcolor: #DFEBE5;\n\t}\n\n\t#hotspot-936 .hotspot-title {\n\t\tcolor: #93C7A4;\n\t}\n\n\t\t\t#hotspot-936 .hotspot-default {\n\t\t\tstroke-width: 2;\n\t\t\tfill: #ffffff;\n\t\t\tfill-opacity: 0;\n\t\t\tstroke: #ffffff;\n\t\t\tstroke-opacity: 0;\n\t\t}\n\t\t#hotspot-936 .hotspot-default:hover,\n\t\t#hotspot-936 .hotspot-default:focus-visible,\n\t\t#hotspot-936 .hotspot-default.hotspot-active {\n\t\t\tfill: #3CA2A2;\n\t\t\tfill-opacity: 0.71;\n\t\t\tstroke: #235B6E;\n\t\t\tstroke-opacity: 0.01;\n\t\t}\n\t\t#hotspot-936 .leaflet-tooltip,\n\t#hotspot-936 .leaflet-rrose-content-wrapper {\n\t\tbackground: #2E2D29;\n\t\tborder-color: #2E2D29;\n\t\tcolor: #DFEBE5;\n\t}\n\n\t#hotspot-936 a.leaflet-rrose-close-button {\n\t\tcolor: #93C7A4;\n\t}\n\n\t#hotspot-936 .leaflet-rrose-tip {\n\t\tbackground: #2E2D29;\n\t}\n\n\t#hotspot-936 .leaflet-popup-scrolled {\n\t\tborder-bottom-color: #DFEBE5;\n\t\tborder-top-color: #DFEBE5;\n\t}\n\n\t#hotspot-936 .leaflet-tooltip-top:before {\n\t\tborder-top-color: #2E2D29;\n\t}\n\n\t#hotspot-936 .leaflet-tooltip-bottom:before {\n\t\tborder-bottom-color: #2E2D29;\n\t}\n\t#hotspot-936 .leaflet-tooltip-left:before {\n\t\tborder-left-color: #2E2D29;\n\t}\n\t#hotspot-936 .leaflet-tooltip-right:before {\n\t\tborder-right-color: #2E2D29;\n\t}\n<\/style>\n\n\t\n\t<div class=\"hotspots-container  layout-left event-click\" id=\"hotspot-936\" data-layout=\"left\" data-trigger=\"click\">\n\t\t<div class=\"hotspots-interaction\">\n\t\t\t\t<div class=\"hotspots-placeholder\" id=\"content-hotspot-936\">\n\t\t<div class=\"hotspot-initial\">\n\t\t\t\t\t\t\t\t\t<h2 class=\"hotspot-title\">\n\t\t\t\tOr\u00e9e de Marly\t\t\t<\/h2>\n\t\t\t\t\t\t<div class=\"hotspot-content\">\n\t\t\t\t\t\t\t\t\t<p><img decoding=\"async\" src=\"http:\/\/oree-de-marly.com\/wp-content\/uploads\/2022\/03\/DSC_0069.jpg\"><\/p>\n<p align=\"center\">Bienvenue \u00e0 L'Or\u00e9e de Marly,<br \/>\nune r\u00e9sidence \u00e0 vivre!<\/p>\n<p>Cliquez sur les \u00e9tiquettes pour afficher plus d'information sur le lieu indiqu\u00e9.<\/p>\n\t\t\t\t\t\t\t<\/div>\n\t\t<\/div>\n\t<\/div>\n<div class=\"hotspots-image-container\">\n\t<img\n\t\twidth=\"1517\"\n\t\theight=\"1153\"\n\t\tsrc=\"https:\/\/oree-de-marly.com\/wp-content\/uploads\/2022\/03\/Vue-aerienne.jpg\"\n\t\talt=\"Or\u00e9e de Marly\"\n\t\tclass=\"hotspots-image skip-lazy\"\n\t\tusemap=\"#hotspots-image-936\"\n\t\tdata-image-title=\"Or\u00e9e de Marly\"\n\t\tdata-image-description=\"Bienvenue \u00e0 L'Or\u00e9e de Marly, \r\nune r\u00e9sidence \u00e0 vivre!\r\n\r\nCliquez sur les \u00e9tiquettes pour afficher plus d'information sur le lieu indiqu\u00e9.\"\n\t\tdata-event-trigger=\"click\"\n\t\tdata-always-visible=\"false\"\n\t\tdata-id=\"936\"\n\t\tdata-no-lazy=\"1\"\n\t\tdata-lazy-src=\"\"\n\t\tdata-lazy=\"false\"\n\t\tloading=\"eager\"\n\t\tdata-skip-lazy=\"1\"\n\t\t>\n<\/div>\t\t<\/div>\n\t\t<map name=\"hotspots-image-936\" class=\"hotspots-map\">\n\t\t\t\t\t\t\t\t\t\t\t<area\n\t\t\t\t\tshape=\"polygon\"\n\t\t\t\t\tcoords=\"339,120,339,49,447,49,447,120\"\n\t\t\t\t\thref=\"#hotspot-hotspot-936-0\"\n\t\t\t\t\trel=\"\"\n\t\t\t\t\ttitle=\"Aire de lavage des voitures\"\n\t\t\t\t\talt=\"Aire de lavage des voitures\"\n\t\t\t\t\tdata-action=\"\"\n\t\t\t\t\tdata-color-scheme=\"\"\n\t\t\t\t\ttarget=\"_new\"\n\t\t\t\t\tclass=\"more-info-area\"\n\t\t\t\t\t>\n\t\t\t\t\t\t\t\t\t\t\t<area\n\t\t\t\t\tshape=\"polygon\"\n\t\t\t\t\tcoords=\"972,86,972,33,1079,33,1079,86\"\n\t\t\t\t\thref=\"#hotspot-hotspot-936-1\"\n\t\t\t\t\trel=\"\"\n\t\t\t\t\ttitle=\"La Chaufferie\"\n\t\t\t\t\talt=\"La Chaufferie\"\n\t\t\t\t\tdata-action=\"\"\n\t\t\t\t\tdata-color-scheme=\"\"\n\t\t\t\t\ttarget=\"\"\n\t\t\t\t\tclass=\"more-info-area\"\n\t\t\t\t\t>\n\t\t\t\t\t\t\t\t\t\t\t<area\n\t\t\t\t\tshape=\"polygon\"\n\t\t\t\t\tcoords=\"316,298,316,224,425,224,425,298\"\n\t\t\t\t\thref=\"#hotspot-hotspot-936-2\"\n\t\t\t\t\trel=\"\"\n\t\t\t\t\ttitle=\"Aire de Jeux des petits\"\n\t\t\t\t\talt=\"Aire de Jeux des petits\"\n\t\t\t\t\tdata-action=\"\"\n\t\t\t\t\tdata-color-scheme=\"\"\n\t\t\t\t\ttarget=\"\"\n\t\t\t\t\tclass=\"more-info-area\"\n\t\t\t\t\t>\n\t\t\t\t\t\t\t\t\t\t\t<area\n\t\t\t\t\tshape=\"polygon\"\n\t\t\t\t\tcoords=\"268,430,268,357,410,357,410,430\"\n\t\t\t\t\thref=\"#hotspot-hotspot-936-3\"\n\t\t\t\t\trel=\"\"\n\t\t\t\t\ttitle=\"Aire de stationnement des motos\"\n\t\t\t\t\talt=\"Aire de stationnement des motos\"\n\t\t\t\t\tdata-action=\"\"\n\t\t\t\t\tdata-color-scheme=\"\"\n\t\t\t\t\ttarget=\"\"\n\t\t\t\t\tclass=\"more-info-area\"\n\t\t\t\t\t>\n\t\t\t\t\t\t\t\t\t\t\t<area\n\t\t\t\t\tshape=\"polygon\"\n\t\t\t\t\tcoords=\"1215,1070,1215,997,1350,997,1350,1070\"\n\t\t\t\t\thref=\"#hotspot-hotspot-936-4\"\n\t\t\t\t\trel=\"\"\n\t\t\t\t\ttitle=\"Parcours d&#039;aventure\"\n\t\t\t\t\talt=\"Parcours d&#039;aventure\"\n\t\t\t\t\tdata-action=\"\"\n\t\t\t\t\tdata-color-scheme=\"\"\n\t\t\t\t\ttarget=\"\"\n\t\t\t\t\tclass=\"more-info-area\"\n\t\t\t\t\t>\n\t\t\t\t\t\t\t\t\t\t\t<area\n\t\t\t\t\tshape=\"polygon\"\n\t\t\t\t\tcoords=\"669,1119,669,1067,771,1067,771,1119\"\n\t\t\t\t\thref=\"#hotspot-hotspot-936-5\"\n\t\t\t\t\trel=\"\"\n\t\t\t\t\ttitle=\"Gardiens\"\n\t\t\t\t\talt=\"Gardiens\"\n\t\t\t\t\tdata-action=\"\"\n\t\t\t\t\tdata-color-scheme=\"\"\n\t\t\t\t\ttarget=\"\"\n\t\t\t\t\tclass=\"more-info-area\"\n\t\t\t\t\t>\n\t\t\t\t\t\t\t\t\t\t\t<area\n\t\t\t\t\tshape=\"polygon\"\n\t\t\t\t\tcoords=\"1354,629,1354,573,1443,573,1443,629\"\n\t\t\t\t\thref=\"#hotspot-hotspot-936-6\"\n\t\t\t\t\trel=\"\"\n\t\t\t\t\ttitle=\"Boite \u00e0 lettres\"\n\t\t\t\t\talt=\"Boite \u00e0 lettres\"\n\t\t\t\t\tdata-action=\"\"\n\t\t\t\t\tdata-color-scheme=\"\"\n\t\t\t\t\ttarget=\"\"\n\t\t\t\t\tclass=\"more-info-area\"\n\t\t\t\t\t>\n\t\t\t\t\t\t\t\t\t\t\t<area\n\t\t\t\t\tshape=\"polygon\"\n\t\t\t\t\tcoords=\"1267,110,1267,37,1394,37,1394,110\"\n\t\t\t\t\thref=\"#hotspot-hotspot-936-7\"\n\t\t\t\t\trel=\"\"\n\t\t\t\t\ttitle=\"Encombrants\"\n\t\t\t\t\talt=\"Encombrants\"\n\t\t\t\t\tdata-action=\"\"\n\t\t\t\t\tdata-color-scheme=\"\"\n\t\t\t\t\ttarget=\"\"\n\t\t\t\t\tclass=\"more-info-area\"\n\t\t\t\t\t>\n\t\t\t\t\t\t\t\t\t\t\t<area\n\t\t\t\t\tshape=\"polygon\"\n\t\t\t\t\tcoords=\"180,897,180,821,296,821,296,897\"\n\t\t\t\t\thref=\"#hotspot-hotspot-936-8\"\n\t\t\t\t\trel=\"\"\n\t\t\t\t\ttitle=\"Barri\u00e8res automatiques\"\n\t\t\t\t\talt=\"Barri\u00e8res automatiques\"\n\t\t\t\t\tdata-action=\"\"\n\t\t\t\t\tdata-color-scheme=\"\"\n\t\t\t\t\ttarget=\"\"\n\t\t\t\t\tclass=\"more-info-area\"\n\t\t\t\t\t>\n\t\t\t\t\t\t\t\t\t\t\t<area\n\t\t\t\t\tshape=\"polygon\"\n\t\t\t\t\tcoords=\"1293,908,1293,830,1411,830,1411,908\"\n\t\t\t\t\thref=\"#hotspot-hotspot-936-9\"\n\t\t\t\t\trel=\"\"\n\t\t\t\t\ttitle=\"Barri\u00e8res manuelles\"\n\t\t\t\t\talt=\"Barri\u00e8res manuelles\"\n\t\t\t\t\tdata-action=\"\"\n\t\t\t\t\tdata-color-scheme=\"\"\n\t\t\t\t\ttarget=\"\"\n\t\t\t\t\tclass=\"more-info-area\"\n\t\t\t\t\t>\n\t\t\t\t\t<\/map>\n\n\t\t\n\t\t\t\t\t\n\t\t\t\t\t\t<div class=\"hotspot-info \" id=\"hotspot-hotspot-936-0\">\n\t\t\t\t\n\t\t\t\t<h2 class=\"hotspot-title\">Aire de lavage des voitures<\/h2>\t\t\t\t\t\t\t\t\t<div class=\"hotspot-thumb\">\n\t\t\t\t\t\t<img loading=\"lazy\" decoding=\"async\" width=\"525\" height=\"362\" src=\"https:\/\/oree-de-marly.com\/wp-content\/uploads\/2022\/03\/tab-lavage.jpg\" class=\"attachment-large size-large\" alt=\"\" srcset=\"https:\/\/oree-de-marly.com\/wp-content\/uploads\/2022\/03\/tab-lavage.jpg 908w, https:\/\/oree-de-marly.com\/wp-content\/uploads\/2022\/03\/tab-lavage-300x207.jpg 300w, https:\/\/oree-de-marly.com\/wp-content\/uploads\/2022\/03\/tab-lavage-768x529.jpg 768w\" sizes=\"auto, 100vw\" \/>\t\t\t\t\t<\/div>\n\t\t\t\t\t\t\t\t<div class=\"hotspot-content\">\n\t\t\t\t\t<p>Une aire de lavage des voitures est disponible au coin nord-ouest de la r\u00e9sidence. Elle est utilisable par deux v\u00e9hicules en m\u00eame temps. Cette aire est ferm\u00e9e en p\u00e9riode hivernale pendant les p\u00e9riodes de gel.<\/p>\n<p><a href=\"https:\/\/oree-de-marly.com\/?page_id=100\"><span style=\"color: #ffffff\">En savoir plus...<\/span><\/a><\/p>\n\t\t\t\t<\/div>\n\t\t\t<\/div>\n\t\t\t\t\t\n\t\t\t\t\t\t<div class=\"hotspot-info \" id=\"hotspot-hotspot-936-1\">\n\t\t\t\t\n\t\t\t\t<h2 class=\"hotspot-title\">La Chaufferie<\/h2>\t\t\t\t\t\t\t\t\t<div class=\"hotspot-thumb\">\n\t\t\t\t\t\t<img loading=\"lazy\" decoding=\"async\" width=\"525\" height=\"394\" src=\"https:\/\/oree-de-marly.com\/wp-content\/uploads\/2022\/11\/DSC05344.jpg\" class=\"attachment-large size-large\" alt=\"\" srcset=\"https:\/\/oree-de-marly.com\/wp-content\/uploads\/2022\/11\/DSC05344.jpg 640w, https:\/\/oree-de-marly.com\/wp-content\/uploads\/2022\/11\/DSC05344-300x225.jpg 300w, https:\/\/oree-de-marly.com\/wp-content\/uploads\/2022\/11\/DSC05344-320x240.jpg 320w, https:\/\/oree-de-marly.com\/wp-content\/uploads\/2022\/11\/DSC05344-480x360.jpg 480w\" sizes=\"auto, 100vw\" \/>\t\t\t\t\t<\/div>\n\t\t\t\t\t\t\t\t<div class=\"hotspot-content\">\n\t\t\t\t\t<p>La Chaufferie fournit l'eau chaude sanitaire et le chauffage de toute la r\u00e9sidence.<\/p>\n<p>Elle comporte aussi une unit\u00e9 de cog\u00e9n\u00e9ration qui permet de produire de l'\u00e9lectricit\u00e9 en m\u00eame temps qu'une partie de la chaleur n\u00e9cessaire \u00e0 chauffer nos appartement.<\/p>\n\t\t\t\t<\/div>\n\t\t\t<\/div>\n\t\t\t\t\t\n\t\t\t\t\t\t<div class=\"hotspot-info \" id=\"hotspot-hotspot-936-2\">\n\t\t\t\t\n\t\t\t\t<h2 class=\"hotspot-title\">Aire de Jeux des petits<\/h2>\t\t\t\t\t\t\t\t\t<div class=\"hotspot-thumb\">\n\t\t\t\t\t\t<img loading=\"lazy\" decoding=\"async\" width=\"525\" height=\"362\" src=\"https:\/\/oree-de-marly.com\/wp-content\/uploads\/2022\/03\/tab-jeux.jpeg\" class=\"attachment-large size-large\" alt=\"\" srcset=\"https:\/\/oree-de-marly.com\/wp-content\/uploads\/2022\/03\/tab-jeux.jpeg 908w, https:\/\/oree-de-marly.com\/wp-content\/uploads\/2022\/03\/tab-jeux-300x207.jpeg 300w, https:\/\/oree-de-marly.com\/wp-content\/uploads\/2022\/03\/tab-jeux-768x529.jpeg 768w\" sizes=\"auto, 100vw\" \/>\t\t\t\t\t<\/div>\n\t\t\t\t\t\t\t\t<div class=\"hotspot-content\">\n\t\t\t\t\t<p>Deux aires de jeux sont \u00e0 la disposition des petits et des plus grands. Elles ont \u00e9t\u00e9 enti\u00e8rement r\u00e9am\u00e9nag\u00e9e en 2010.<\/p>\n<p>L\u2019utilisation des aires de jeux se fait sous la surveillance et la responsabilit\u00e9 des parents.<\/p>\n<p><strong>Pour des raisons \u00e9videntes, l\u2019acc\u00e8s aux animaux domestiques (chiens, chats, etc..) est interdite<\/strong>.<\/p>\n<p><a href=\"https:\/\/oree-de-marly.com\/?page_id=102\"><span style=\"color: #ffffff\">En savoir plus...<\/span><\/a><\/p>\n\t\t\t\t<\/div>\n\t\t\t<\/div>\n\t\t\t\t\t\n\t\t\t\t\t\t<div class=\"hotspot-info \" id=\"hotspot-hotspot-936-3\">\n\t\t\t\t\n\t\t\t\t<h2 class=\"hotspot-title\">Aire de stationnement des motos<\/h2>\t\t\t\t\t\t\t\t\t<div class=\"hotspot-thumb\">\n\t\t\t\t\t\t<img loading=\"lazy\" decoding=\"async\" width=\"313\" height=\"250\" src=\"https:\/\/oree-de-marly.com\/wp-content\/uploads\/2022\/11\/moto30.jpg\" class=\"attachment-large size-large\" alt=\"\" srcset=\"https:\/\/oree-de-marly.com\/wp-content\/uploads\/2022\/11\/moto30.jpg 313w, https:\/\/oree-de-marly.com\/wp-content\/uploads\/2022\/11\/moto30-300x240.jpg 300w\" sizes=\"auto, 100vw\" \/>\t\t\t\t\t<\/div>\n\t\t\t\t\t\t\t\t<div class=\"hotspot-content\">\n\t\t\t\t\t<p>Des emplacements de stationnement sp\u00e9cifiques sont am\u00e9nag\u00e9s. D'autres places sont disponibles entre les bacs \u00e0 fleurs situ\u00e9s sur les chauss\u00e9es.<\/p>\n<p>Pour la tranquillit\u00e9 de tous, veillez \u00e0 ne pas d\u00e9ranger les personnes r\u00e9sidant aux abords des parkings \u00ab motos\u00a0\u00bb, lors de vos d\u00e9parts matinaux. En particulier vous voudrez bien ne pas faire tourner trop longtemps le moteur de votre moto et ne pas d\u00e9marrer en trombe.<\/p>\n\t\t\t\t<\/div>\n\t\t\t<\/div>\n\t\t\t\t\t\n\t\t\t\t\t\t<div class=\"hotspot-info \" id=\"hotspot-hotspot-936-4\">\n\t\t\t\t\n\t\t\t\t<h2 class=\"hotspot-title\">Parcours d'aventure<\/h2>\t\t\t\t\t\t\t\t\t<div class=\"hotspot-thumb\">\n\t\t\t\t\t\t<img decoding=\"async\" src=\"http:\/\/lechemindesarts.fr\/odm\/wp-content\/uploads\/2022\/01\/2010airesudest004.jpg\">\n\t\t\t\t\t<\/div>\n\t\t\t\t\t\t\t\t<div class=\"hotspot-content\">\n\t\t\t\t\t<p>Deux aires de jeux sont \u00e0 la disposition des petits et des plus grands. Elles ont \u00e9t\u00e9 enti\u00e8rement r\u00e9am\u00e9nag\u00e9e en 2010.<br \/>\nPour les plus grands, petit parcours de sant\u00e9!<\/p>\n<p>L'utilisation des aires de jeux se fait sous la surveillance et la responsabilit\u00e9 des parents.<\/p>\n<p><strong>Pour des raisons \u00e9videntes, l'acc\u00e8s aux animaux domestiques (chiens, chats, etc..) est interdite.<\/strong><\/p>\n<p><a href=\"https:\/\/oree-de-marly.com\/?page_id=102\"><span style=\"color: #ffffff\">En savoir plus...<\/span><\/a><\/p>\n\t\t\t\t<\/div>\n\t\t\t<\/div>\n\t\t\t\t\t\n\t\t\t\t\t\t<div class=\"hotspot-info \" id=\"hotspot-hotspot-936-5\">\n\t\t\t\t\n\t\t\t\t<h2 class=\"hotspot-title\">Gardiens<\/h2>\t\t\t\t\t\t\t\t\t<div class=\"hotspot-thumb\">\n\t\t\t\t\t\t<img loading=\"lazy\" decoding=\"async\" width=\"525\" height=\"362\" src=\"https:\/\/oree-de-marly.com\/wp-content\/uploads\/2022\/03\/loge2010.jpg\" class=\"attachment-large size-large\" alt=\"\" srcset=\"https:\/\/oree-de-marly.com\/wp-content\/uploads\/2022\/03\/loge2010.jpg 908w, https:\/\/oree-de-marly.com\/wp-content\/uploads\/2022\/03\/loge2010-300x207.jpg 300w, https:\/\/oree-de-marly.com\/wp-content\/uploads\/2022\/03\/loge2010-768x529.jpg 768w\" sizes=\"auto, 100vw\" \/>\t\t\t\t\t<\/div>\n\t\t\t\t\t\t\t\t<div class=\"hotspot-content\">\n\t\t\t\t\t<p>M et Mme Auguste sont nos gardiens depuis 2000.<\/p>\n<p>Heures d\u2019ouvertures de la loge<\/p>\n<table style=\"width: 100%\">\n<tbody style=\"margin-bottom: 0px\">\n<tr>\n<td>Lundi:<\/td>\n<td style=\"padding-left: 0px;margin-bottom: 0px\">7h45 \u2013 12h0 et<br \/>\n15h30 \u2013 19h45<\/td>\n<\/tr>\n<tr>\n<td>Mardi \u2013 Vendredi:<\/td>\n<td style=\"padding-left: 0px;margin-bottom: 0px\">7h45 \u2013 12h15 et<br \/>\n15h15 \u2013 19h45<\/td>\n<\/tr>\n<tr style=\"margin-bottom: 0px\">\n<td>Samedi:<\/td>\n<td style=\"padding-left: 0px;margin-bottom: 0px\">9h00 \u2013 12h00<\/td>\n<\/tr>\n<\/tbody>\n<\/table>\n<p><a href=\"https:\/\/oree-de-marly.com\/?page_id=56\"><span style=\"color: #ffffff\">En savoir plus...<\/span><\/a><\/p>\n\t\t\t\t<\/div>\n\t\t\t<\/div>\n\t\t\t\t\t\n\t\t\t\t\t\t<div class=\"hotspot-info \" id=\"hotspot-hotspot-936-6\">\n\t\t\t\t\n\t\t\t\t<h2 class=\"hotspot-title\">Boite \u00e0 lettres<\/h2>\t\t\t\t\t\t\t\t\t<div class=\"hotspot-thumb\">\n\t\t\t\t\t\t<img loading=\"lazy\" decoding=\"async\" width=\"525\" height=\"394\" src=\"https:\/\/oree-de-marly.com\/wp-content\/uploads\/2022\/11\/boitealettres-1024x768.jpg\" class=\"attachment-large size-large\" alt=\"\" srcset=\"https:\/\/oree-de-marly.com\/wp-content\/uploads\/2022\/11\/boitealettres-1024x768.jpg 1024w, https:\/\/oree-de-marly.com\/wp-content\/uploads\/2022\/11\/boitealettres-300x225.jpg 300w, https:\/\/oree-de-marly.com\/wp-content\/uploads\/2022\/11\/boitealettres-768x576.jpg 768w, https:\/\/oree-de-marly.com\/wp-content\/uploads\/2022\/11\/boitealettres-1536x1152.jpg 1536w, https:\/\/oree-de-marly.com\/wp-content\/uploads\/2022\/11\/boitealettres-2048x1536.jpg 2048w, https:\/\/oree-de-marly.com\/wp-content\/uploads\/2022\/11\/boitealettres-320x240.jpg 320w, https:\/\/oree-de-marly.com\/wp-content\/uploads\/2022\/11\/boitealettres-480x360.jpg 480w, https:\/\/oree-de-marly.com\/wp-content\/uploads\/2022\/11\/boitealettres-800x600.jpg 800w\" sizes=\"auto, 100vw\" \/>\t\t\t\t\t<\/div>\n\t\t\t\t\t\t\t\t<div class=\"hotspot-content\">\n\t\t\t\t\t<p>Une boite \u00e0 lettres est \u00e0 votre disposition au coeur de la r\u00e9sidence.<\/p>\n<p>Elle est relev\u00e9e tous les matins \u00e0 9h00 sauf le dimanche et les jours f\u00e9ri\u00e9s.<\/p>\n\t\t\t\t<\/div>\n\t\t\t<\/div>\n\t\t\t\t\t\n\t\t\t\t\t\t<div class=\"hotspot-info \" id=\"hotspot-hotspot-936-7\">\n\t\t\t\t\n\t\t\t\t<h2 class=\"hotspot-title\">Encombrants<\/h2>\t\t\t\t\t\t\t\t\t<div class=\"hotspot-thumb\">\n\t\t\t\t\t\t<img loading=\"lazy\" decoding=\"async\" width=\"525\" height=\"394\" src=\"https:\/\/oree-de-marly.com\/wp-content\/uploads\/2022\/11\/decharge-1024x768.jpg\" class=\"attachment-large size-large\" alt=\"\" srcset=\"https:\/\/oree-de-marly.com\/wp-content\/uploads\/2022\/11\/decharge-1024x768.jpg 1024w, https:\/\/oree-de-marly.com\/wp-content\/uploads\/2022\/11\/decharge-300x225.jpg 300w, https:\/\/oree-de-marly.com\/wp-content\/uploads\/2022\/11\/decharge-768x576.jpg 768w, https:\/\/oree-de-marly.com\/wp-content\/uploads\/2022\/11\/decharge-1536x1152.jpg 1536w, https:\/\/oree-de-marly.com\/wp-content\/uploads\/2022\/11\/decharge-2048x1536.jpg 2048w, https:\/\/oree-de-marly.com\/wp-content\/uploads\/2022\/11\/decharge-320x240.jpg 320w, https:\/\/oree-de-marly.com\/wp-content\/uploads\/2022\/11\/decharge-480x360.jpg 480w, https:\/\/oree-de-marly.com\/wp-content\/uploads\/2022\/11\/decharge-800x600.jpg 800w\" sizes=\"auto, 100vw\" \/>\t\t\t\t\t<\/div>\n\t\t\t\t\t\t\t\t<div class=\"hotspot-content\">\n\t\t\t\t\t<p>Les encombrants peuvent \u00eatre d\u00e9pos\u00e9s dans le local des encombrants pr\u00e8s de la chaufferie.<\/p>\n<p>Le gardien ouvre le local les samedis matin\u00a0<strong>sur rendez-vous uniquement<\/strong><\/p>\n<p>Il est aussi possible de les sortir devant les entr\u00e9es d\u2019immeubles\u00a0<strong>avant 10h<\/strong>\u00a0le dernier vendredi du mois.<\/p>\n<p><a href=\"https:\/\/oree-de-marly.com\/?page_id=65\"><span style=\"color: #ffffff\">En savoir plus...<\/span><\/a><\/p>\n\t\t\t\t<\/div>\n\t\t\t<\/div>\n\t\t\t\t\t\n\t\t\t\t\t\t<div class=\"hotspot-info \" id=\"hotspot-hotspot-936-8\">\n\t\t\t\t\n\t\t\t\t<h2 class=\"hotspot-title\">Barri\u00e8res automatiques<\/h2>\t\t\t\t\t\t\t\t<div class=\"hotspot-content\">\n\t\t\t\t\t<p>Les acc\u00e8s c\u00f4t\u00e9 Ouest sont ferm\u00e9s par des barri\u00e8res automatiques afin d'interdire la travers\u00e9e de la r\u00e9sidence aux personnes non-r\u00e9sidentes.<\/p>\n<p>Vous devez vous munir d'une t\u00e9l\u00e9commande disponible \u00e0 la loge des gardiens pour actionner la barri\u00e8re (co\u00fbt: 35\u20ac par ch\u00e8que \u00e0 l'ordre de \"R\u00e9sidence l'Or\u00e9e de Marly\"). A noter que cette t\u00e9l\u00e9commande sert aussi de badge VIGIK pour ouvrir votre b\u00e2timent.<\/p>\n\t\t\t\t<\/div>\n\t\t\t<\/div>\n\t\t\t\t\t\n\t\t\t\t\t\t<div class=\"hotspot-info \" id=\"hotspot-hotspot-936-9\">\n\t\t\t\t\n\t\t\t\t<h2 class=\"hotspot-title\">Barri\u00e8res manuelles<\/h2>\t\t\t\t\t\t\t\t<div class=\"hotspot-content\">\n\t\t\t\t\t<p>Les trois premi\u00e8res entr\u00e9es c\u00f4t\u00e9 Est\u00a0(All\u00e9e du Bon Repos) sont munies de barri\u00e8res manuelles. Elles sont ferm\u00e9es les jours de march\u00e9 (mercredi et samedi matin) pour \u00e9viter le stationnement sauvage des clients du march\u00e9 dans la r\u00e9sidence.<\/p>\n<p>Elles peuvent aussi \u00eatre ferm\u00e9es lorsque des manifestations sont organis\u00e9es place du march\u00e9 (f\u00eate foraine, brocante...).<\/p>\n\t\t\t\t<\/div>\n\t\t\t<\/div>\n\t\t\t<\/div>\n\n\n\n\n\n<p class=\"has-text-align-center has-small-font-size\">Plan de la r\u00e9sidence (janvier 2022)<\/p>\n","protected":false},"excerpt":{"rendered":"<p>Afin de pouvoir b\u00e9n\u00e9ficier pleinement des avantages de ce lieu privil\u00e9gi\u00e9 et vivre en bonne harmonie avec l\u2019ensemble des r\u00e9sidents, le lecteur est invit\u00e9 \u00e0 prendre connaissance des informations contenues dans le livret d&#8217;accueil et le cas \u00e9ch\u00e9ant&nbsp;le remettre \u00e0 ses locataires. Vous pouvez feuilleter ce livret en ligne ci-dessous ou le t\u00e9l\u00e9charger en format &hellip; <\/p>\n<p class=\"link-more\"><a href=\"https:\/\/oree-de-marly.com\/?page_id=96\" class=\"more-link\">Continuer la lecture<span class=\"screen-reader-text\"> de &laquo;&nbsp;Livret d&#8217;accueil&nbsp;&raquo;<\/span><\/a><\/p>\n","protected":false},"author":1,"featured_media":0,"parent":117,"menu_order":2,"comment_status":"closed","ping_status":"closed","template":"","meta":{"footnotes":""},"class_list":["post-96","page","type-page","status-publish","hentry"],"jetpack_sharing_enabled":true,"_links":{"self":[{"href":"https:\/\/oree-de-marly.com\/index.php?rest_route=\/wp\/v2\/pages\/96","targetHints":{"allow":["GET"]}}],"collection":[{"href":"https:\/\/oree-de-marly.com\/index.php?rest_route=\/wp\/v2\/pages"}],"about":[{"href":"https:\/\/oree-de-marly.com\/index.php?rest_route=\/wp\/v2\/types\/page"}],"author":[{"embeddable":true,"href":"https:\/\/oree-de-marly.com\/index.php?rest_route=\/wp\/v2\/users\/1"}],"replies":[{"embeddable":true,"href":"https:\/\/oree-de-marly.com\/index.php?rest_route=%2Fwp%2Fv2%2Fcomments&post=96"}],"version-history":[{"count":4,"href":"https:\/\/oree-de-marly.com\/index.php?rest_route=\/wp\/v2\/pages\/96\/revisions"}],"predecessor-version":[{"id":963,"href":"https:\/\/oree-de-marly.com\/index.php?rest_route=\/wp\/v2\/pages\/96\/revisions\/963"}],"up":[{"embeddable":true,"href":"https:\/\/oree-de-marly.com\/index.php?rest_route=\/wp\/v2\/pages\/117"}],"wp:attachment":[{"href":"https:\/\/oree-de-marly.com\/index.php?rest_route=%2Fwp%2Fv2%2Fmedia&parent=96"}],"curies":[{"name":"wp","href":"https:\/\/api.w.org\/{rel}","templated":true}]}}