{"id":94,"date":"2022-03-28T17:06:10","date_gmt":"2022-03-28T15:06:10","guid":{"rendered":"https:\/\/oree-de-marly.com\/?page_id=94"},"modified":"2026-03-17T16:32:13","modified_gmt":"2026-03-17T15:32:13","slug":"conseil-syndical","status":"publish","type":"page","link":"https:\/\/oree-de-marly.com\/?page_id=94","title":{"rendered":"Conseil syndical"},"content":{"rendered":"\n<p>Le Conseil Syndical est compos\u00e9 de 3 \u00e0 12 membres \u00e9lus par l&#8217;assembl\u00e9e g\u00e9n\u00e9rale des copropri\u00e9taires pour un mandat de 3 ans. Il est renouvelable par tiers annuellement, un tirage au sort d\u00e9terminant au bout du premier, puis du deuxi\u00e8me exercice le tiers sortant.<\/p>\n\n\n\n<p>D&#8217;autres copropri\u00e9taires peuvent \u00eatre coopt\u00e9s afin d&#8217;apporter ponctuellement les id\u00e9es et les comp\u00e9tences souhait\u00e9es pour assurer la bonne performance du conseil.<\/p>\n\n\n\n<p>Le r\u00f4le du Conseil Syndical est de proposer des actions d&#8217;am\u00e9lioration de la gestion de la r\u00e9sidence, recueillir l&#8217;avis des copropri\u00e9taires et r\u00e9sidents et de contr\u00f4ler l&#8217;ex\u00e9cution de ces actions pas le Syndic.<\/p>\n\n\n\n<p>Le conseil syndical se r\u00e9uni en session pl\u00e9ni\u00e8re une fois par mois. Les comptes-rendu sont distribu\u00e9s via la mailing list <a href=\"mailto:contact@oree-de-marly.com\">contact@oree-de-marly.com<\/a> et archiv\u00e9s dans la <a href=\"https:\/\/oree-de-marly.com\/?page_id=217\">partie &#8220;Documents&#8221;<\/a> du site.<\/p>\n\n\n\n<p class=\"has-medium-font-size\">Le travail est r\u00e9parti en diff\u00e9rentes commissions:<\/p>\n\n\n\n<p><strong>Travaux<\/strong>&nbsp;: Suivi des travaux importants&nbsp;: r\u00e9habilitation des fa\u00e7ades, r\u00e9fection des r\u00e9seaux de fluides, entretien des toits terrasses,&nbsp;installations techniques piscine. <br>Projet de Plan Pluriannuel de Travaux (PPPT) &#8211; Audit &#8211;&nbsp;&nbsp;Priorit\u00e9s \u2013 relations avec l&#8217;architecte Conseil.&nbsp;<br>Travaux d&#8217;entretien de toute nature.<\/p>\n\n\n\n<p><strong>Energie<\/strong>&nbsp;: Suivi et n\u00e9gociation des contrats sp\u00e9cifiques concernant les installations de chauffage et de distribution d\u2019eau et d\u2019\u00e9lectricit\u00e9.&nbsp;Suivi contr\u00f4le et interventions maintenance par le Syndic et&nbsp;les responsables chaufferie &#8220;ENGIE Solutions&#8221; et &#8220;Energie &amp; Service&#8221;.<\/p>\n\n\n\n<p><strong>Finances<\/strong>&nbsp;: En liaison avec le syndic, v\u00e9rification des comptes de la copropri\u00e9t\u00e9. Etude des dossiers de financement des travaux,&nbsp;\u00e9laboration du budget, contr\u00f4le des factures<\/p>\n\n\n\n<p><strong>Juridique<\/strong>&nbsp;: suivi et assistance \u00e0 la n\u00e9gociation et au renouvellement des contrats (prestataires, Entreprises, Fournisseurs) \u2013 Assurances RC&nbsp;&nbsp;Syndicat \u2013 CS \u2013 D.O. &#8211; Syndic.<br>Conventions avec la Mairie, VGP et autorit\u00e9s administratives, sanitaires ou s\u00e9curit\u00e9. Mise en forme des partenariats. Contrats de travail et convention collective.<br>M\u00e9diations \u00e9ventuelles avec prestataires, tiers ou copropri\u00e9taires.<br>Modification du r\u00e8glement de copropri\u00e9t\u00e9<br>Veille juridique \u2013 Droit de la Copropri\u00e9t\u00e9, des baux d\u2019habitation. Normes isolation et transition \u00e9nerg\u00e9tique .<\/p>\n\n\n\n<p><strong>Espace Vert<\/strong> : Suivi de l\u2019entretien des espaces verts et de tous les ext\u00e9rieurs de la r\u00e9sidence,&nbsp;participation au cahier des charges du contrat et au choix de l\u2019Entreprise.&nbsp;<\/p>\n\n\n\n<p><strong>QSE<\/strong>:  Qualit\u00e9 de la vie, S\u00e9curit\u00e9<\/p>\n\n\n\n<ul class=\"wp-block-list\">\n<li><strong>Qualit\u00e9 de la vie<\/strong> : Suivi de tous les aspects concernant l\u2019entretien courant de notre patrimoine et assurant le bien-\u00eatre des r\u00e9sidents.&nbsp;<\/li>\n<\/ul>\n\n\n\n<ul class=\"wp-block-list\">\n<li><strong>S\u00e9curit\u00e9<\/strong>&nbsp;: Suivi et application des normes de s\u00e9curit\u00e9.&nbsp;R\u00e8glement sanitaire \u2013 sous \u2013 sol.<\/li>\n<\/ul>\n\n\n\n<p><strong>Communication<\/strong>&nbsp;: Organisation de la communication entre les r\u00e9sidents, le conseil syndical, le syndic et le gardien&nbsp;: site Web, cahier de liaison, remont\u00e9 de probl\u00e8mes et suivi de leur r\u00e9solution.<\/p>\n\n\n\n<p class=\"has-medium-font-size\">Le Conseil Syndical<\/p>\n\n\n\n<div class=\"wp-block-media-text alignwide is-stacked-on-mobile\" style=\"grid-template-columns:19% auto\"><figure class=\"wp-block-media-text__media\"><img decoding=\"async\" src=\"http:\/\/lechemindesarts.fr\/odm\/wp-content\/uploads\/2022\/02\/Jean-Pierre-Castric.jpg\" alt=\"\" class=\"wp-image-511 size-full\"\/><\/figure><div class=\"wp-block-media-text__content\">\n<p class=\"has-medium-font-size\">Jean-Pierre Castric<\/p>\n\n\n\n<p>Mandat expirant en 2028<br>Commissions: Travaux (PPPT), Espaces Verts<\/p>\n<\/div><\/div>\n\n\n\n<div class=\"wp-block-media-text alignwide is-stacked-on-mobile\" style=\"grid-template-columns:19% auto\"><figure class=\"wp-block-media-text__media\"><img decoding=\"async\" src=\"http:\/\/lechemindesarts.fr\/odm\/wp-content\/uploads\/2022\/03\/IMG_2376-scaled-e1646122995153-1024x1024.jpg\" alt=\"\" class=\"wp-image-519 size-full\"\/><\/figure><div class=\"wp-block-media-text__content\">\n<p class=\"has-medium-font-size\">Liliane Clo\u00e2tre<\/p>\n\n\n\n<p>Pr\u00e9sidente<br>Mandat expirant en 2028<br>Commissions: Ravalement, Travaux (PPPT), Finances, Energie, Cog\u00e9n\u00e9ration, Juridique<\/p>\n<\/div><\/div>\n\n\n\n<div class=\"wp-block-media-text alignwide is-stacked-on-mobile\" style=\"grid-template-columns:19% auto\"><figure class=\"wp-block-media-text__media\"><img decoding=\"async\" src=\"http:\/\/lechemindesarts.fr\/odm\/wp-content\/uploads\/2022\/01\/N-Cordier-e1641650299961.jpg\" alt=\"\" class=\"wp-image-125 size-full\"\/><\/figure><div class=\"wp-block-media-text__content\">\n<p class=\"has-medium-font-size\">Nicolas Cordier<\/p>\n\n\n\n<p>Mandat expirant en 2027<br>Commissions: Ravalement, Travaux (PPPT), Espaces Verts<\/p>\n<\/div><\/div>\n\n\n\n<div class=\"wp-block-media-text alignwide is-stacked-on-mobile\" style=\"grid-template-columns:19% auto\"><figure class=\"wp-block-media-text__media\"><img decoding=\"async\" src=\"https:\/\/lechemindesarts.fr\/odm\/wp-content\/uploads\/2022\/01\/Jean-Marie-Deny.jpg\" alt=\"\" class=\"wp-image-120 size-full\"\/><\/figure><div class=\"wp-block-media-text__content\">\n<p class=\"has-medium-font-size\">Jean-Marie Deny<\/p>\n\n\n\n<p>Mandat expirant en 2028<br>Commissions: Communication<\/p>\n<\/div><\/div>\n\n\n\n<div class=\"wp-block-media-text alignwide is-stacked-on-mobile\" style=\"grid-template-columns:19% auto\"><figure class=\"wp-block-media-text__media\"><img loading=\"lazy\" decoding=\"async\" width=\"1024\" height=\"1024\" src=\"https:\/\/oree-de-marly.com\/wp-content\/uploads\/2023\/10\/Logo-Odm-clair-1024x1024.png\" alt=\"\" class=\"wp-image-1897 size-full\" srcset=\"https:\/\/oree-de-marly.com\/wp-content\/uploads\/2023\/10\/Logo-Odm-clair-1024x1024.png 1024w, https:\/\/oree-de-marly.com\/wp-content\/uploads\/2023\/10\/Logo-Odm-clair-300x300.png 300w, https:\/\/oree-de-marly.com\/wp-content\/uploads\/2023\/10\/Logo-Odm-clair-150x150.png 150w, https:\/\/oree-de-marly.com\/wp-content\/uploads\/2023\/10\/Logo-Odm-clair-768x768.png 768w, https:\/\/oree-de-marly.com\/wp-content\/uploads\/2023\/10\/Logo-Odm-clair-1536x1536.png 1536w, https:\/\/oree-de-marly.com\/wp-content\/uploads\/2023\/10\/Logo-Odm-clair-320x320.png 320w, https:\/\/oree-de-marly.com\/wp-content\/uploads\/2023\/10\/Logo-Odm-clair-480x480.png 480w, https:\/\/oree-de-marly.com\/wp-content\/uploads\/2023\/10\/Logo-Odm-clair-800x800.png 800w, https:\/\/oree-de-marly.com\/wp-content\/uploads\/2023\/10\/Logo-Odm-clair-100x100.png 100w, https:\/\/oree-de-marly.com\/wp-content\/uploads\/2023\/10\/Logo-Odm-clair.png 1701w\" sizes=\"auto, (max-width: 767px) 89vw, (max-width: 1000px) 54vw, (max-width: 1071px) 543px, 580px\" \/><\/figure><div class=\"wp-block-media-text__content\">\n<p class=\"has-medium-font-size\">Joy Devaux<\/p>\n\n\n\n<p>Mandat expirant en 2026<br>Commissions: Qualit\u00e9 de la vie, S\u00e9curit\u00e9, Communication<\/p>\n<\/div><\/div>\n\n\n\n<div class=\"wp-block-media-text alignwide is-stacked-on-mobile\" style=\"grid-template-columns:19% auto\"><figure class=\"wp-block-media-text__media\"><img loading=\"lazy\" decoding=\"async\" width=\"354\" height=\"354\" src=\"https:\/\/oree-de-marly.com\/wp-content\/uploads\/2025\/06\/Christophe-Lespine.png\" alt=\"\" class=\"wp-image-3499 size-full\" srcset=\"https:\/\/oree-de-marly.com\/wp-content\/uploads\/2025\/06\/Christophe-Lespine.png 354w, https:\/\/oree-de-marly.com\/wp-content\/uploads\/2025\/06\/Christophe-Lespine-300x300.png 300w, https:\/\/oree-de-marly.com\/wp-content\/uploads\/2025\/06\/Christophe-Lespine-150x150.png 150w, https:\/\/oree-de-marly.com\/wp-content\/uploads\/2025\/06\/Christophe-Lespine-320x320.png 320w, https:\/\/oree-de-marly.com\/wp-content\/uploads\/2025\/06\/Christophe-Lespine-100x100.png 100w\" sizes=\"auto, (max-width: 354px) 100vw, 354px\" \/><\/figure><div class=\"wp-block-media-text__content\">\n<p class=\"has-medium-font-size\">Christophe Lespine<\/p>\n\n\n\n<p>Mandat expirant en 2028<br>Commissions: Travaux (PPPT), Finances, Cog\u00e9n\u00e9ration<\/p>\n<\/div><\/div>\n\n\n\n<div class=\"wp-block-media-text alignwide is-stacked-on-mobile\" style=\"grid-template-columns:19% auto\"><figure class=\"wp-block-media-text__media\"><img loading=\"lazy\" decoding=\"async\" width=\"1024\" height=\"1024\" src=\"https:\/\/oree-de-marly.com\/wp-content\/uploads\/2023\/10\/Logo-Odm-clair-1024x1024.png\" alt=\"\" class=\"wp-image-1897 size-full\" srcset=\"https:\/\/oree-de-marly.com\/wp-content\/uploads\/2023\/10\/Logo-Odm-clair-1024x1024.png 1024w, https:\/\/oree-de-marly.com\/wp-content\/uploads\/2023\/10\/Logo-Odm-clair-300x300.png 300w, https:\/\/oree-de-marly.com\/wp-content\/uploads\/2023\/10\/Logo-Odm-clair-150x150.png 150w, https:\/\/oree-de-marly.com\/wp-content\/uploads\/2023\/10\/Logo-Odm-clair-768x768.png 768w, https:\/\/oree-de-marly.com\/wp-content\/uploads\/2023\/10\/Logo-Odm-clair-1536x1536.png 1536w, https:\/\/oree-de-marly.com\/wp-content\/uploads\/2023\/10\/Logo-Odm-clair-320x320.png 320w, https:\/\/oree-de-marly.com\/wp-content\/uploads\/2023\/10\/Logo-Odm-clair-480x480.png 480w, https:\/\/oree-de-marly.com\/wp-content\/uploads\/2023\/10\/Logo-Odm-clair-800x800.png 800w, https:\/\/oree-de-marly.com\/wp-content\/uploads\/2023\/10\/Logo-Odm-clair-100x100.png 100w, https:\/\/oree-de-marly.com\/wp-content\/uploads\/2023\/10\/Logo-Odm-clair.png 1701w\" sizes=\"auto, (max-width: 767px) 89vw, (max-width: 1000px) 54vw, (max-width: 1071px) 543px, 580px\" \/><\/figure><div class=\"wp-block-media-text__content\">\n<p class=\"has-medium-font-size\">Pierre Mouzat<\/p>\n\n\n\n<p>Mandat expirant en 2026<br>Commissions: Piscine, Cog\u00e9n\u00e9ration<\/p>\n<\/div><\/div>\n\n\n\n<div class=\"wp-block-media-text alignwide is-stacked-on-mobile\" style=\"grid-template-columns:19% auto\"><figure class=\"wp-block-media-text__media\"><img loading=\"lazy\" decoding=\"async\" width=\"709\" height=\"709\" src=\"https:\/\/oree-de-marly.com\/wp-content\/uploads\/2024\/06\/Evelyne-Rigatti.png\" alt=\"\" class=\"wp-image-2520 size-full\" srcset=\"https:\/\/oree-de-marly.com\/wp-content\/uploads\/2024\/06\/Evelyne-Rigatti.png 709w, https:\/\/oree-de-marly.com\/wp-content\/uploads\/2024\/06\/Evelyne-Rigatti-300x300.png 300w, https:\/\/oree-de-marly.com\/wp-content\/uploads\/2024\/06\/Evelyne-Rigatti-150x150.png 150w, https:\/\/oree-de-marly.com\/wp-content\/uploads\/2024\/06\/Evelyne-Rigatti-320x320.png 320w, https:\/\/oree-de-marly.com\/wp-content\/uploads\/2024\/06\/Evelyne-Rigatti-480x480.png 480w, https:\/\/oree-de-marly.com\/wp-content\/uploads\/2024\/06\/Evelyne-Rigatti-100x100.png 100w\" sizes=\"auto, (max-width: 709px) 100vw, 709px\" \/><\/figure><div class=\"wp-block-media-text__content\">\n<p class=\"has-medium-font-size\">Evelyne Rigatti<\/p>\n\n\n\n<p>Mandat expirant en 2027<br>Commissions: Travaux, Qualit\u00e9 de la vie, S\u00e9curit\u00e9<\/p>\n<\/div><\/div>\n\n\n\n<div class=\"wp-block-media-text alignwide is-stacked-on-mobile\" style=\"grid-template-columns:19% auto\"><figure class=\"wp-block-media-text__media\"><img loading=\"lazy\" decoding=\"async\" width=\"1024\" height=\"1024\" src=\"https:\/\/oree-de-marly.com\/wp-content\/uploads\/2023\/10\/Logo-Odm-clair-1024x1024.png\" alt=\"\" class=\"wp-image-1897 size-full\" srcset=\"https:\/\/oree-de-marly.com\/wp-content\/uploads\/2023\/10\/Logo-Odm-clair-1024x1024.png 1024w, https:\/\/oree-de-marly.com\/wp-content\/uploads\/2023\/10\/Logo-Odm-clair-300x300.png 300w, https:\/\/oree-de-marly.com\/wp-content\/uploads\/2023\/10\/Logo-Odm-clair-150x150.png 150w, https:\/\/oree-de-marly.com\/wp-content\/uploads\/2023\/10\/Logo-Odm-clair-768x768.png 768w, https:\/\/oree-de-marly.com\/wp-content\/uploads\/2023\/10\/Logo-Odm-clair-1536x1536.png 1536w, https:\/\/oree-de-marly.com\/wp-content\/uploads\/2023\/10\/Logo-Odm-clair-320x320.png 320w, https:\/\/oree-de-marly.com\/wp-content\/uploads\/2023\/10\/Logo-Odm-clair-480x480.png 480w, https:\/\/oree-de-marly.com\/wp-content\/uploads\/2023\/10\/Logo-Odm-clair-800x800.png 800w, https:\/\/oree-de-marly.com\/wp-content\/uploads\/2023\/10\/Logo-Odm-clair-100x100.png 100w, https:\/\/oree-de-marly.com\/wp-content\/uploads\/2023\/10\/Logo-Odm-clair.png 1701w\" sizes=\"auto, (max-width: 767px) 89vw, (max-width: 1000px) 54vw, (max-width: 1071px) 543px, 580px\" \/><\/figure><div class=\"wp-block-media-text__content\">\n<p class=\"has-medium-font-size\">Josiane Vietti<\/p>\n\n\n\n<p>Mandat expirant en 2027<br>Commissions: Travaux, Qualit\u00e9 de la vie, S\u00e9curit\u00e9<\/p>\n<\/div><\/div>\n\n\n\n<p><\/p>\n","protected":false},"excerpt":{"rendered":"<p>Le Conseil Syndical est compos\u00e9 de 3 \u00e0 12 membres \u00e9lus par l&#8217;assembl\u00e9e g\u00e9n\u00e9rale des copropri\u00e9taires pour un mandat de 3 ans. Il est renouvelable par tiers annuellement, un tirage au sort d\u00e9terminant au bout du premier, puis du deuxi\u00e8me exercice le tiers sortant. D&#8217;autres copropri\u00e9taires peuvent \u00eatre coopt\u00e9s afin d&#8217;apporter ponctuellement les id\u00e9es et &hellip; <\/p>\n<p class=\"link-more\"><a href=\"https:\/\/oree-de-marly.com\/?page_id=94\" class=\"more-link\">Continuer la lecture<span class=\"screen-reader-text\"> de &laquo;&nbsp;Conseil syndical&nbsp;&raquo;<\/span><\/a><\/p>\n","protected":false},"author":1,"featured_media":0,"parent":117,"menu_order":4,"comment_status":"closed","ping_status":"closed","template":"","meta":{"footnotes":""},"class_list":["post-94","page","type-page","status-publish","hentry"],"jetpack_sharing_enabled":true,"_links":{"self":[{"href":"https:\/\/oree-de-marly.com\/index.php?rest_route=\/wp\/v2\/pages\/94","targetHints":{"allow":["GET"]}}],"collection":[{"href":"https:\/\/oree-de-marly.com\/index.php?rest_route=\/wp\/v2\/pages"}],"about":[{"href":"https:\/\/oree-de-marly.com\/index.php?rest_route=\/wp\/v2\/types\/page"}],"author":[{"embeddable":true,"href":"https:\/\/oree-de-marly.com\/index.php?rest_route=\/wp\/v2\/users\/1"}],"replies":[{"embeddable":true,"href":"https:\/\/oree-de-marly.com\/index.php?rest_route=%2Fwp%2Fv2%2Fcomments&post=94"}],"version-history":[{"count":30,"href":"https:\/\/oree-de-marly.com\/index.php?rest_route=\/wp\/v2\/pages\/94\/revisions"}],"predecessor-version":[{"id":4357,"href":"https:\/\/oree-de-marly.com\/index.php?rest_route=\/wp\/v2\/pages\/94\/revisions\/4357"}],"up":[{"embeddable":true,"href":"https:\/\/oree-de-marly.com\/index.php?rest_route=\/wp\/v2\/pages\/117"}],"wp:attachment":[{"href":"https:\/\/oree-de-marly.com\/index.php?rest_route=%2Fwp%2Fv2%2Fmedia&parent=94"}],"curies":[{"name":"wp","href":"https:\/\/api.w.org\/{rel}","templated":true}]}}