{"id":73,"date":"2022-03-28T16:17:56","date_gmt":"2022-03-28T14:17:56","guid":{"rendered":"https:\/\/oree-de-marly.com\/?page_id=73"},"modified":"2026-01-12T14:27:58","modified_gmt":"2026-01-12T13:27:58","slug":"urgences","status":"publish","type":"page","link":"https:\/\/oree-de-marly.com\/?page_id=73","title":{"rendered":"Urgences"},"content":{"rendered":"\n<h2 class=\"wp-block-heading\">SECOURS D\u2019URGENCES : <strong>112<\/strong><br>(toutes natures, r\u00e9ponse dans les principales langues europ\u00e9ennes)<\/h2>\n\n\n\n<p>ou :<br>SAMU : <strong>15<\/strong><br>POMPIERS :<strong>18<\/strong><br>GENDARMERIE : <strong>17<\/strong> ou&nbsp;&nbsp;<strong>01 61 06 22 10<\/strong><\/p>\n\n\n\n<h2 class=\"wp-block-heading\">URGENCES SANITAIRES<\/h2>\n\n\n\n<p>MEDECINS DE GARDE :&nbsp;<strong>01 30 56 61 61<\/strong><br>DENTISTE DE GARDE : <strong>01 39 51 21 21<\/strong><br>CENTRE ANTIPOISON : <strong>01 40 05 48 48<\/strong><br>SIDA INFO SERVICE : <strong>0 800 840 800<\/strong><\/p>\n\n\n\n<p>MAIRIE : <strong>01 30 80 08 30<\/strong><\/p>\n\n\n\n<h2 class=\"wp-block-heading\">URGENCES TECHNIQUES<\/h2>\n\n\n\n<p><mark style=\"background-color:rgba(0, 0, 0, 0)\" class=\"has-inline-color has-vivid-red-color\">Pendant les heures d\u2019ouvertures de la loge,<\/mark><br><mark style=\"background-color:rgba(0, 0, 0, 0)\" class=\"has-inline-color has-vivid-red-color\">Appeler prioritairement les gardiens : <strong>01 34 62 98 83<\/strong><\/mark><\/p>\n\n\n\n<p>Sinon, et uniquement pour les probl\u00e8mes touchant les installations collectives:<\/p>\n\n\n\n<p class=\"has-vivid-red-color has-text-color\"><strong><span style=\"text-decoration: underline;\">Note importante<\/span>: <\/strong>en cas d\u2019origine privative de l\u2019incident, c\u2019est le copropri\u00e9taire responsable qui sera factur\u00e9.<\/p>\n\n\n\n<h4 class=\"wp-block-heading\"><span style=\"text-decoration: underline;\">\u00c9LECTRICIT\u00c9<\/span> :<\/h4>\n\n\n\n<p><span style=\"text-decoration: underline;\">ENEDIS<\/span> (ex-erdf) :&nbsp;&nbsp;&nbsp;&nbsp;&nbsp;<strong>08 10 33 30 78<\/strong><\/p>\n\n\n\n<h4 class=\"wp-block-heading\"><span style=\"text-decoration: underline;\">URGENCE GAZ<\/span> :     <strong>08 00 47 33 33<\/strong><\/h4>\n\n\n\n<h4 class=\"wp-block-heading\"><span style=\"text-decoration: underline;\">CHAUFFAGE \/ EAU CHAUDE SANITAIRE<\/span> : <\/h4>\n\n\n\n<p><span style=\"text-decoration: underline;\">ENGIE SOLUTIONS<\/span>\u00a0: <strong>08 11 20 10 22<\/strong>\u00a0\u00a0<br>&#8211; pr\u00e9ciser le Code <strong>5.033.48.0001<\/strong><br>&#8211; heures ouvr\u00e9es : du lundi au vendredi, de 8h \u00e0 12h et de 13h30 \u00e0 17h30<\/p>\n\n\n\n<h4 class=\"wp-block-heading\"><span style=\"text-decoration: underline;\">EAU FROIDE<\/span> :<\/h4>\n\n\n\n<p>En cas de fuite sur le <strong>r\u00e9seau d&#8217;eau froide<\/strong> en sous-sol ou entre deux \u00e9tages, envoyer un mail \u00e0 <a href=\"mailto:urgenceEF@oree-de-marly.com\"><strong>urgenceEF@oree-de-marly.com<\/strong><\/a> en d\u00e9crivant le plus pr\u00e9cis\u00e9ment possible le lieux et les effets de la fuite.<\/p>\n\n\n\n<h4 class=\"wp-block-heading\"><span style=\"text-decoration: underline;\">CURAGE, D\u00c9BORDEMENT DE CANALISATION<\/span> :<\/h4>\n\n\n\n<p><span style=\"text-decoration: underline;\">AB3D<\/span>&nbsp;: <strong>01 64 11 22 02<\/strong>. Pr\u00e9ciser immeuble g\u00e9r\u00e9 par Foncia Mansart<\/p>\n\n\n\n<h4 class=\"wp-block-heading\"><span style=\"text-decoration: underline;\">ASCENSEURS<\/span> :<\/h4>\n\n\n\n<p><span style=\"text-decoration: underline;\">KONE \u2013 ASCENSEURS<\/span> : <strong>09 70 80 80 80<\/strong> suivi du num\u00e9ro de l\u2019appareil<br>Le num\u00e9ro de l\u2019appareil est affich\u00e9 <strong>dans et \u00e0 l\u2019ext\u00e9rieur de la cabine<\/strong>. Vous pouvez \u00e9galement le connaitre en <a href=\"https:\/\/oree-de-marly.com\/?page_id=291\">cliquant ici<\/a>. Nous vous conseillons de noter celui de votre immeuble \u00e0 proximit\u00e9 de votre t\u00e9l\u00e9phone et\/ou sur votre t\u00e9l\u00e9phone portable avec le n\u00b0 d\u2019appel de KONE.<br>Si vous \u00eates bloqu\u00e9 dans l\u2019ascenseur, <strong>le bouton d\u2019alarme <\/strong>vous met directement en relation avec un central d\u2019appel et un technicien vous est envoy\u00e9 imm\u00e9diatement.<\/p>\n\n\n\n<p><span style=\"text-decoration: underline;\">SEOP (Compagnie des eaux)<\/span> :&nbsp;&nbsp;Urgence 24h\/24 <strong>0977 429 436<\/strong> (appel non surtax\u00e9)<\/p>\n\n\n\n\n","protected":false},"excerpt":{"rendered":"<p>SECOURS D\u2019URGENCES : 112(toutes natures, r\u00e9ponse dans les principales langues europ\u00e9ennes) ou :SAMU : 15POMPIERS :18GENDARMERIE : 17 ou&nbsp;&nbsp;01 61 06 22 10 URGENCES SANITAIRES MEDECINS DE GARDE :&nbsp;01 30 56 61 61DENTISTE DE GARDE : 01 39 51 21 21CENTRE ANTIPOISON : 01 40 05 48 48SIDA INFO SERVICE : 0 800 840 800 &hellip; <\/p>\n<p class=\"link-more\"><a href=\"https:\/\/oree-de-marly.com\/?page_id=73\" class=\"more-link\">Continuer la lecture<span class=\"screen-reader-text\"> de &laquo;&nbsp;Urgences&nbsp;&raquo;<\/span><\/a><\/p>\n","protected":false},"author":1,"featured_media":0,"parent":0,"menu_order":0,"comment_status":"closed","ping_status":"closed","template":"","meta":{"footnotes":""},"class_list":["post-73","page","type-page","status-publish","hentry"],"jetpack_sharing_enabled":true,"_links":{"self":[{"href":"https:\/\/oree-de-marly.com\/index.php?rest_route=\/wp\/v2\/pages\/73","targetHints":{"allow":["GET"]}}],"collection":[{"href":"https:\/\/oree-de-marly.com\/index.php?rest_route=\/wp\/v2\/pages"}],"about":[{"href":"https:\/\/oree-de-marly.com\/index.php?rest_route=\/wp\/v2\/types\/page"}],"author":[{"embeddable":true,"href":"https:\/\/oree-de-marly.com\/index.php?rest_route=\/wp\/v2\/users\/1"}],"replies":[{"embeddable":true,"href":"https:\/\/oree-de-marly.com\/index.php?rest_route=%2Fwp%2Fv2%2Fcomments&post=73"}],"version-history":[{"count":25,"href":"https:\/\/oree-de-marly.com\/index.php?rest_route=\/wp\/v2\/pages\/73\/revisions"}],"predecessor-version":[{"id":4269,"href":"https:\/\/oree-de-marly.com\/index.php?rest_route=\/wp\/v2\/pages\/73\/revisions\/4269"}],"wp:attachment":[{"href":"https:\/\/oree-de-marly.com\/index.php?rest_route=%2Fwp%2Fv2%2Fmedia&parent=73"}],"curies":[{"name":"wp","href":"https:\/\/api.w.org\/{rel}","templated":true}]}}