{"id":65,"date":"2022-03-28T16:12:45","date_gmt":"2022-03-28T14:12:45","guid":{"rendered":"https:\/\/oree-de-marly.com\/?page_id=65"},"modified":"2026-02-17T11:32:16","modified_gmt":"2026-02-17T10:32:16","slug":"recyclage","status":"publish","type":"page","link":"https:\/\/oree-de-marly.com\/?page_id=65","title":{"rendered":"Recyclage"},"content":{"rendered":"\n<p>DEPUIS LE 1<sup>er<\/sup>&nbsp;janvier 2022,<strong> TOUS LES EMBALLAGES et TOUS LES PAPIERS <\/strong>se trient dans le bac jaune dans toute l&#8217;Agglom\u00e9ration !<\/p>\n\n\n\n<p>Le tri et la mise \u00e0 disposition de vos d\u00e9chets est important pour qu&#8217;ils soient correctement trait\u00e9s. Pour trier correctement vos d\u00e9chets, consultez le &#8220;Guide du tri&#8221; et le &#8220;Calendrier de collecte&#8221; ci-dessous.<\/p>\n\n\n\n<h4 class=\"wp-block-heading\">Ordures m\u00e9nag\u00e8res<\/h4>\n\n\n\n<ul class=\"wp-block-list\">\n<li>\u00e0 mettre dans les poubelles vertes des locaux poubelles<\/li>\n\n\n\n<li>la collecte est tax\u00e9 au nombre de poubelles. Il est donc important de remplir les poubelles au maximum.<\/li>\n\n\n\n<li>jours de collecte : lundi et jeudi<\/li>\n<\/ul>\n\n\n\n<h4 class=\"wp-block-heading\">Mat\u00e9riaux recyclables<\/h4>\n\n\n\n<ul class=\"wp-block-list\">\n<li><strong>c&#8217;est un emballage ou du papier : d\u00e9posez-le, bien vid\u00e9, dans le bac de tri<\/strong> (poubelles jaunes)<\/li>\n\n\n\n<li>la collecte est gratuite<\/li>\n\n\n\n<li>jour de collecte : mardi<\/li>\n<\/ul>\n\n\n\n<h4 class=\"wp-block-heading\">Verre<\/h4>\n\n\n\n<ul class=\"wp-block-list\">\n<li>les bouteilles et bocaux en verre doivent \u00eatre d\u00e9pos\u00e9s dans l&#8217;un des bacs d&#8217;apport volontaire. Les plus proches de la r\u00e9sidence sont situ\u00e9es\n<ul class=\"wp-block-list\">\n<li>place du march\u00e9 (entre le parking et l&#8217;all\u00e9e du bon repos)<\/li>\n\n\n\n<li>au centre commercial.<\/li>\n<\/ul>\n<\/li>\n\n\n\n<li><strong>ils ne doivent en aucun cas \u00eatre d\u00e9pos\u00e9s dans les sous-sols<\/strong>.<\/li>\n<\/ul>\n\n\n\n<h4 class=\"wp-block-heading\">D\u00e9chets \u00e9lectriques, \u00e9lectrom\u00e9nager, \u00e9lectroniques ou toxiques<\/h4>\n\n\n\n<ul class=\"wp-block-list\">\n<li> ces d\u00e9chets doivent \u00eatre apport\u00e9s au point de collecte mensuel au services techniques de Noisy-le-Roi :\n<ul class=\"wp-block-list\">\n<li>lieu : 2 Avenue de l&#8217;Europe, 78590 Noisy- Le-Roi<\/li>\n\n\n\n<li>jour de collecte : 3\u00e8me samedi du mois de 9h \u00e0 13h<\/li>\n<\/ul>\n<\/li>\n\n\n\n<li>ou en <a href=\"https:\/\/www.versaillesgrandparc.fr\/vos-demarches\/gestion-des-dechets\/trier-jeter-valoriser\/les-autres-dechets\/les-decheteries-ouvertes-aux-particuliers\">d\u00e9ch\u00e8teries<\/a>\n\n\n\n\n\n\n\n\n\n\n\n\n\n\n\n\n\n\n\n\n\n\n\n\n\n\n\n\n\n\n\n\n\n\n<ul class=\"wp-block-list\">\n<li>lieu : Rue Abel Gance &#8211; ZAC de la Croix Bonnet &#8211; Bois d\u2019Arcy<\/li>\n\n\n\n<li>horaires : \n<ul class=\"wp-block-list\">\n<li>du mardi au vendredi : 9h-13h \/ 14h-18h, <\/li>\n\n\n\n<li>le samedi : 9h-18h, <\/li>\n\n\n\n<li>le dimanche : 9h-13h. <\/li>\n\n\n\n<li>Ferm\u00e9e les jours f\u00e9ri\u00e9s.<\/li>\n<\/ul>\n<\/li>\n<\/ul>\n\n\n\n<ul class=\"wp-block-list\">\n<li>Accessible \u00e0 tous les habitants sur pr\u00e9sentation de la <a href=\"https:\/\/www.versaillesgrandparc.fr\/vos-demarches\/gestion-des-dechets\/trier-jeter-valoriser\/les-autres-dechets\/les-decheteries-ouvertes-aux-particuliers\/carte-de-decheterie-particulier\">carte d\u2019acc\u00e8s<\/a>.<\/li>\n<\/ul>\n<\/li>\n<\/ul>\n\n\n\n<h4 class=\"wp-block-heading\" id=\"ENCOMBRANTS\">Encombrants<\/h4>\n\n\n\n<ul class=\"wp-block-list\">\n<li>les encombrants peuvent \u00eatre d\u00e9pos\u00e9s dans le local des encombrants pr\u00e8s de la chaufferie<\/li>\n\n\n\n<li>le gardien ouvre le local les samedis matin <strong>sur rendez-vous uniquement<\/strong> <\/li>\n\n\n\n<li>Il est aussi possible de les sortir devant les entr\u00e9es d&#8217;immeubles <mark style=\"background-color:rgba(0, 0, 0, 0)\" class=\"has-inline-color has-vivid-red-color\"><strong>entre 8h et  10h les vendredis indiqu\u00e9s dans le tableau ci-dessous<\/strong><\/mark>. <br>Le service de nettoyage rassemblera tous les encombrants pr\u00e8s de la chaufferie afin de permettre la collecte par Versailles Grand Parc le lundi que suit.<\/li>\n<\/ul>\n\n\n\n<ul class=\"wp-block-list\">\n<li>Calendrier 2026 :<\/li>\n<\/ul>\n\n\n\n<figure class=\"wp-block-table is-style-stripes\"><table class=\"has-black-color has-text-color\"><tbody><tr><td>Vendredi 23 janvier 2026<\/td><td>Vendredi 24 juillet<\/td><\/tr><tr><td>Vendredi 20 f\u00e9vrier<\/td><td>Vendredi 28 ao\u00fbt<\/td><\/tr><tr><td>Vendredi 27 mars<\/td><td>Vendredi 25 septembre<\/td><\/tr><tr><td>Vendredi 24 avril<\/td><td>Vendredi 23 octobre<\/td><\/tr><tr><td>Vendredi 22 mai<\/td><td>Vendredi 27 novembre<\/td><\/tr><tr><td>Vendredi 26 juin<\/td><td>Vendredi 25 d\u00e9cembre<\/td><\/tr><\/tbody><\/table><\/figure>\n\n\n\n<ul class=\"wp-block-list\">\n<li><strong>ATTENTION: Ne d\u00e9posez jamais vos encombrants dans les sous-sols.<\/strong> L&#8217;enl\u00e8vement des encombrants d\u00e9pos\u00e9s dans les sous-sols est factur\u00e9 au b\u00e2timent concern\u00e9. <\/li>\n<\/ul>\n\n\n<a href=\"https:\/\/oree-de-marly.com\/wp-content\/uploads\/2025\/11\/Calendrier-de-collecte-des-dechets-Versailles-Grand-Parc-Novembre-2025-a-Avril-2026.pdf\" class=\"pdfemb-viewer\" style=\"width:1000px;\" data-width=\"1000\" data-height=\"max\" data-toolbar=\"none\" data-toolbar-fixed=\"on\">Calendrier-de-collecte-des-dechets-Versailles-Grand-Parc-Novembre-2025-a-Avril-2026<\/a>\n\n\n<div class=\"wp-block-buttons is-horizontal is-content-justification-center is-layout-flex wp-container-core-buttons-is-layout-499968f5 wp-block-buttons-is-layout-flex\">\n<div class=\"wp-block-button\"><a class=\"wp-block-button__link wp-element-button\" href=\"https:\/\/oree-de-marly.com\/wp-content\/uploads\/2025\/11\/Calendrier-de-collecte-des-dechets-Versailles-Grand-Parc-Novembre-2025-a-Avril-2026.pdf\" target=\"_blank\" rel=\"noreferrer noopener\">T\u00e9l\u00e9charger le calendrier<\/a><\/div>\n<\/div>\n\n\n\n<hr class=\"wp-block-separator has-css-opacity\" id=\"GUIDETRI\"\/>\n\n\n<a href=\"https:\/\/oree-de-marly.com\/wp-content\/uploads\/2024\/02\/Guide_du_tri_2024.pdf\" class=\"pdfemb-viewer\" style=\"width:1000px;\" data-width=\"1000\" data-height=\"max\" data-toolbar=\"bottom\" data-toolbar-fixed=\"on\">Guide_du_tri_2024<\/a>\n\n\n<div class=\"wp-block-buttons is-horizontal is-content-justification-center is-layout-flex wp-container-core-buttons-is-layout-499968f5 wp-block-buttons-is-layout-flex\">\n<div class=\"wp-block-button\"><a class=\"wp-block-button__link wp-element-button\" href=\"https:\/\/oree-de-marly.com\/wp-content\/uploads\/2024\/02\/Guide_du_tri_2024.pdf\" target=\"_blank\" rel=\"noreferrer noopener\">T\u00e9l\u00e9charger le guide de tri<\/a><\/div>\n<\/div>\n\n\n\n<hr class=\"wp-block-separator has-css-opacity\"\/>\n\n\n\n<h4 class=\"wp-block-heading has-black-color has-text-color\">Retrouvez les bonnes fili\u00e8res des erreurs les plus fr\u00e9quentes #fauxamis :<\/h4>\n\n\n\n<ul class=\"wp-block-list\">\n<li>couches &gt; bac ordures m\u00e9nag\u00e8res<\/li>\n\n\n\n<li>mouchoirs, essuie-tout &gt; bac ordures m\u00e9nag\u00e8res<\/li>\n\n\n\n<li>objets en plastique &gt; bac ordures m\u00e9nag\u00e8res<\/li>\n\n\n\n<li>vaisselle jetable &gt; bac ordures m\u00e9nag\u00e8res<\/li>\n\n\n\n<li>vaisselle (verre, c\u00e9ramique, porcelaine, gr\u00e9s) &gt; <a href=\"https:\/\/www.versaillesgrandparc.fr\/vos-demarches\/gestion-des-dechets\/trier-jeter-valoriser\/les-autres-dechets\/les-decheteries-ouvertes-aux-particuliers\">d\u00e9ch\u00e8teries<\/a><\/li>\n\n\n\n<li>chaussures &gt; <a href=\"https:\/\/www.versaillesgrandparc.fr\/vos-demarches\/gestion-des-dechets\/trier-jeter-valoriser\/tri-selectif\">Bornes Le Relais<\/a>, recycleries<\/li>\n\n\n\n<li>textile &gt; <a href=\"https:\/\/www.versaillesgrandparc.fr\/vos-demarches\/gestion-des-dechets\/trier-jeter-valoriser\/tri-selectif\">Bornes Le Relais<\/a><\/li>\n\n\n\n<li>Seringues et objets tranchants &gt; <a href=\"https:\/\/www.versaillesgrandparc.fr\/vos-demarches\/gestion-des-dechets\/trier-jeter-valoriser\/tri-selectif\">Fili\u00e8re des DASRI<\/a><\/li>\n\n\n\n<li>D\u00e9chets \u00e9lectriques et \u00e9lectroniques (DEEE) &gt; <a href=\"https:\/\/cavgp.maps.arcgis.com\/apps\/MapSeries\/index.html?appid=d278361fd212460da61ad5158f9c6788\" target=\"_blank\" rel=\"noreferrer noopener\">bornes de collectes DEEE<\/a><\/li>\n<\/ul>\n\n\n\n<div class=\"wp-block-columns is-layout-flex wp-container-core-columns-is-layout-9d6595d7 wp-block-columns-is-layout-flex\">\n<div class=\"wp-block-column is-vertically-aligned-center is-layout-flow wp-block-column-is-layout-flow\" style=\"flex-basis:33.33%\">\n<p><strong>Retrouvez toutes les informations (calendrier, guide&#8230;) sur l&#8217;application mobile (Android et iPhone) T.R.I. VGP en flashant ce QR code !<\/strong><\/p>\n<\/div>\n\n\n\n<div class=\"wp-block-column is-vertically-aligned-center is-layout-flow wp-block-column-is-layout-flow\" style=\"flex-basis:66.66%\"><div class=\"wp-block-image\">\n<figure class=\"alignleft size-thumbnail\"><img loading=\"lazy\" decoding=\"async\" width=\"150\" height=\"150\" src=\"https:\/\/oree-de-marly.com\/wp-content\/uploads\/2025\/11\/image-150x150.png\" alt=\"\" class=\"wp-image-3780\" srcset=\"https:\/\/oree-de-marly.com\/wp-content\/uploads\/2025\/11\/image-150x150.png 150w, https:\/\/oree-de-marly.com\/wp-content\/uploads\/2025\/11\/image-100x100.png 100w, https:\/\/oree-de-marly.com\/wp-content\/uploads\/2025\/11\/image.png 240w\" sizes=\"auto, (max-width: 150px) 100vw, 150px\" \/><\/figure>\n<\/div><\/div>\n<\/div>\n","protected":false},"excerpt":{"rendered":"<p>DEPUIS LE 1er&nbsp;janvier 2022, TOUS LES EMBALLAGES et TOUS LES PAPIERS se trient dans le bac jaune dans toute l&#8217;Agglom\u00e9ration ! Le tri et la mise \u00e0 disposition de vos d\u00e9chets est important pour qu&#8217;ils soient correctement trait\u00e9s. Pour trier correctement vos d\u00e9chets, consultez le &#8220;Guide du tri&#8221; et le &#8220;Calendrier de collecte&#8221; ci-dessous. Ordures &hellip; <\/p>\n<p class=\"link-more\"><a href=\"https:\/\/oree-de-marly.com\/?page_id=65\" class=\"more-link\">Continuer la lecture<span class=\"screen-reader-text\"> de &laquo;&nbsp;Recyclage&nbsp;&raquo;<\/span><\/a><\/p>\n","protected":false},"author":1,"featured_media":0,"parent":75,"menu_order":0,"comment_status":"closed","ping_status":"closed","template":"","meta":{"footnotes":""},"class_list":["post-65","page","type-page","status-publish","hentry"],"jetpack_sharing_enabled":true,"_links":{"self":[{"href":"https:\/\/oree-de-marly.com\/index.php?rest_route=\/wp\/v2\/pages\/65","targetHints":{"allow":["GET"]}}],"collection":[{"href":"https:\/\/oree-de-marly.com\/index.php?rest_route=\/wp\/v2\/pages"}],"about":[{"href":"https:\/\/oree-de-marly.com\/index.php?rest_route=\/wp\/v2\/types\/page"}],"author":[{"embeddable":true,"href":"https:\/\/oree-de-marly.com\/index.php?rest_route=\/wp\/v2\/users\/1"}],"replies":[{"embeddable":true,"href":"https:\/\/oree-de-marly.com\/index.php?rest_route=%2Fwp%2Fv2%2Fcomments&post=65"}],"version-history":[{"count":50,"href":"https:\/\/oree-de-marly.com\/index.php?rest_route=\/wp\/v2\/pages\/65\/revisions"}],"predecessor-version":[{"id":4331,"href":"https:\/\/oree-de-marly.com\/index.php?rest_route=\/wp\/v2\/pages\/65\/revisions\/4331"}],"up":[{"embeddable":true,"href":"https:\/\/oree-de-marly.com\/index.php?rest_route=\/wp\/v2\/pages\/75"}],"wp:attachment":[{"href":"https:\/\/oree-de-marly.com\/index.php?rest_route=%2Fwp%2Fv2%2Fmedia&parent=65"}],"curies":[{"name":"wp","href":"https:\/\/api.w.org\/{rel}","templated":true}]}}