{"id":56,"date":"2022-03-28T16:04:04","date_gmt":"2022-03-28T14:04:04","guid":{"rendered":"https:\/\/oree-de-marly.com\/?page_id=56"},"modified":"2022-04-05T18:14:37","modified_gmt":"2022-04-05T16:14:37","slug":"gardiens","status":"publish","type":"page","link":"https:\/\/oree-de-marly.com\/?page_id=56","title":{"rendered":"Gardiens"},"content":{"rendered":"\n<p>M et Mme Auguste sont nos gardiens depuis 2000.<\/p>\n\n\n\n<div class=\"wp-block-media-text alignwide is-stacked-on-mobile is-vertically-aligned-top\" style=\"grid-template-columns:32% auto\"><figure class=\"wp-block-media-text__media\"><img loading=\"lazy\" decoding=\"async\" width=\"908\" height=\"626\" src=\"https:\/\/oree-de-marly.com\/wp-content\/uploads\/2022\/03\/loge2010.jpg\" alt=\"\" class=\"wp-image-59 size-full\" srcset=\"https:\/\/oree-de-marly.com\/wp-content\/uploads\/2022\/03\/loge2010.jpg 908w, https:\/\/oree-de-marly.com\/wp-content\/uploads\/2022\/03\/loge2010-300x207.jpg 300w, https:\/\/oree-de-marly.com\/wp-content\/uploads\/2022\/03\/loge2010-768x529.jpg 768w\" sizes=\"auto, (max-width: 767px) 89vw, (max-width: 1000px) 54vw, (max-width: 1071px) 543px, 580px\" \/><\/figure><div class=\"wp-block-media-text__content\">\n<p class=\"has-medium-font-size\">Heures d&#8217;ouvertures de la loge<\/p>\n\n\n\n<table><tr><td>Lundi:<\/td><td>7h45 &#8211; 12h00 et 15h30 &#8211; 19h45<\/td><\/tr>\n<tr><td>Mardi &#8211; Vendredi:<\/td><td>7h45 &#8211; 12h15 et 15h15 &#8211; 19h45<\/td><\/tr>\n<tr><td>Samedi:<\/td><td>9h00 &#8211; 12h00<\/td><\/tr><\/table>\n<b>La loge est ferm\u00e9e samedi apr\u00e8s-midi, Dimanche et jours f\u00e9ri\u00e9s<\/b>\n<\/div><\/div>\n\n\n\n<div class=\"wp-block-media-text alignwide is-stacked-on-mobile is-vertically-aligned-top\" style=\"grid-template-columns:32% auto\"><figure class=\"wp-block-media-text__media\"><img loading=\"lazy\" decoding=\"async\" width=\"474\" height=\"418\" src=\"https:\/\/oree-de-marly.com\/wp-content\/uploads\/2022\/03\/livraisons.jpg\" alt=\"\" class=\"wp-image-60 size-full\" srcset=\"https:\/\/oree-de-marly.com\/wp-content\/uploads\/2022\/03\/livraisons.jpg 474w, https:\/\/oree-de-marly.com\/wp-content\/uploads\/2022\/03\/livraisons-300x265.jpg 300w\" sizes=\"auto, (max-width: 474px) 100vw, 474px\" \/><\/figure><div class=\"wp-block-media-text__content\">\n<p class=\"has-medium-font-size\">Paquets<\/p>\n\n\n\n<p>Les paquets de volume raisonnable transitant par la poste sont d\u00e9pos\u00e9s \u00e0 la loge et vous pouvez les r\u00e9cup\u00e9rer <strong>pendant les heures d&#8217;ouvertures<\/strong>.<\/p>\n\n\n\n<p>Les autres services de livraison doivent vous remettre les paquets en main propre.<\/p>\n<\/div><\/div>\n\n\n\n<div class=\"wp-block-media-text alignwide is-stacked-on-mobile is-vertically-aligned-top\" style=\"grid-template-columns:33% auto\"><figure class=\"wp-block-media-text__media\"><img loading=\"lazy\" decoding=\"async\" width=\"283\" height=\"247\" src=\"https:\/\/oree-de-marly.com\/wp-content\/uploads\/2022\/03\/IMG_5664.jpg\" alt=\"\" class=\"wp-image-63 size-full\"\/><\/figure><div class=\"wp-block-media-text__content\">\n<p class=\"has-medium-font-size\">Cahier de liaison<\/p>\n\n\n\n<p>Un cahier de liaison est \u00e0 votre disposition pour remonter tous les probl\u00e8mes techniques concernant les parties communes. M. ou Mme Auguste interviendront ou  feront intervenir les prestataires concern\u00e9s pour rem\u00e9dier aux probl\u00e8mes dans les meilleurs d\u00e9lais<\/p>\n\n\n\n<p>Ce cahier n&#8217;est pas un d\u00e9fouloir! <br>Merci donc d&#8217;\u00eatre factuel, constructif et courtois. Bien entendu les entr\u00e9es anonymes sont interdites et ne seront suivies d&#8217;aucune action.<\/p>\n<\/div><\/div>\n","protected":false},"excerpt":{"rendered":"<p>M et Mme Auguste sont nos gardiens depuis 2000. Heures d&#8217;ouvertures de la loge Lundi: 7h45 &#8211; 12h00 et 15h30 &#8211; 19h45 Mardi &#8211; Vendredi: 7h45 &#8211; 12h15 et 15h15 &#8211; 19h45 Samedi: 9h00 &#8211; 12h00 La loge est ferm\u00e9e samedi apr\u00e8s-midi, Dimanche et jours f\u00e9ri\u00e9s Paquets Les paquets de volume raisonnable transitant par la &hellip; <\/p>\n<p class=\"link-more\"><a href=\"https:\/\/oree-de-marly.com\/?page_id=56\" class=\"more-link\">Continuer la lecture<span class=\"screen-reader-text\"> de &laquo;&nbsp;Gardiens&nbsp;&raquo;<\/span><\/a><\/p>\n","protected":false},"author":1,"featured_media":0,"parent":75,"menu_order":0,"comment_status":"closed","ping_status":"closed","template":"","meta":{"footnotes":""},"class_list":["post-56","page","type-page","status-publish","hentry"],"jetpack_sharing_enabled":true,"_links":{"self":[{"href":"https:\/\/oree-de-marly.com\/index.php?rest_route=\/wp\/v2\/pages\/56","targetHints":{"allow":["GET"]}}],"collection":[{"href":"https:\/\/oree-de-marly.com\/index.php?rest_route=\/wp\/v2\/pages"}],"about":[{"href":"https:\/\/oree-de-marly.com\/index.php?rest_route=\/wp\/v2\/types\/page"}],"author":[{"embeddable":true,"href":"https:\/\/oree-de-marly.com\/index.php?rest_route=\/wp\/v2\/users\/1"}],"replies":[{"embeddable":true,"href":"https:\/\/oree-de-marly.com\/index.php?rest_route=%2Fwp%2Fv2%2Fcomments&post=56"}],"version-history":[{"count":11,"href":"https:\/\/oree-de-marly.com\/index.php?rest_route=\/wp\/v2\/pages\/56\/revisions"}],"predecessor-version":[{"id":314,"href":"https:\/\/oree-de-marly.com\/index.php?rest_route=\/wp\/v2\/pages\/56\/revisions\/314"}],"up":[{"embeddable":true,"href":"https:\/\/oree-de-marly.com\/index.php?rest_route=\/wp\/v2\/pages\/75"}],"wp:attachment":[{"href":"https:\/\/oree-de-marly.com\/index.php?rest_route=%2Fwp%2Fv2%2Fmedia&parent=56"}],"curies":[{"name":"wp","href":"https:\/\/api.w.org\/{rel}","templated":true}]}}