{"id":237,"date":"2022-04-02T08:49:23","date_gmt":"2022-04-02T06:49:23","guid":{"rendered":"https:\/\/oree-de-marly.com\/?page_id=237"},"modified":"2026-01-04T02:29:24","modified_gmt":"2026-01-04T01:29:24","slug":"autres-documents","status":"publish","type":"page","link":"https:\/\/oree-de-marly.com\/?page_id=237","title":{"rendered":"Autres documents"},"content":{"rendered":"\n<h1 class=\"wp-block-heading\">R\u00e8glement de copropri\u00e9t\u00e9<\/h1>\n\n\n\n<figure class=\"wp-block-table is-style-regular\"><table><thead><tr><th>Date<\/th><th>Document<\/th><th>Taille<\/th><th class=\"has-text-align-center\" data-align=\"center\">T\u00e9l\u00e9charger<\/th><\/tr><\/thead><tbody><tr><td>19-07-1966<\/td><td>R\u00e8glement de copropri\u00e9t\u00e9 de 1966<br><em>Version originale<\/em> (document en 2 parties)<\/td><td>15M<br>14M<\/td><td class=\"has-text-align-center\" data-align=\"center\"><a href=\"https:\/\/oree-de-marly.com\/wp-content\/uploads\/2022\/06\/1966-07-19-MODIFICATIF-DU-19.07.19661.pdf\"><img loading=\"lazy\" decoding=\"async\" width=\"30\" height=\"18\" class=\"wp-image-218\" style=\"width: 30px;\" src=\"https:\/\/oree-de-marly.com\/wp-content\/uploads\/2022\/04\/download.jpeg\" alt=\"\" srcset=\"https:\/\/oree-de-marly.com\/wp-content\/uploads\/2022\/04\/download.jpeg 463w, https:\/\/oree-de-marly.com\/wp-content\/uploads\/2022\/04\/download-300x177.jpeg 300w\" sizes=\"auto, (max-width: 30px) 100vw, 30px\" \/><\/a><br><a href=\"https:\/\/oree-de-marly.com\/wp-content\/uploads\/2022\/06\/1966-07-19-MODIFICATIF-DU-19.07.19662.pdf\"><img loading=\"lazy\" decoding=\"async\" width=\"30\" height=\"18\" class=\"wp-image-218\" style=\"width: 30px;\" src=\"https:\/\/oree-de-marly.com\/wp-content\/uploads\/2022\/04\/download.jpeg\" alt=\"\" srcset=\"https:\/\/oree-de-marly.com\/wp-content\/uploads\/2022\/04\/download.jpeg 463w, https:\/\/oree-de-marly.com\/wp-content\/uploads\/2022\/04\/download-300x177.jpeg 300w\" sizes=\"auto, (max-width: 30px) 100vw, 30px\" \/><\/a><\/td><\/tr><tr><td>11-12-1968<\/td><td>R\u00e8glement de copropri\u00e9t\u00e9 de 1968<br><em>Modification de la r\u00e9partition en phases  de construction et lots<\/em> (document en 2 parties)<\/td><td>15M<br>18M<\/td><td class=\"has-text-align-center\" data-align=\"center\"><a href=\"https:\/\/oree-de-marly.com\/wp-content\/uploads\/2022\/06\/1968-12-11-MODIFICATIF-DU-11.12.19681.pdf\"><img loading=\"lazy\" decoding=\"async\" width=\"30\" height=\"18\" class=\"wp-image-218\" style=\"width: 30px;\" src=\"https:\/\/oree-de-marly.com\/wp-content\/uploads\/2022\/04\/download.jpeg\" alt=\"\" srcset=\"https:\/\/oree-de-marly.com\/wp-content\/uploads\/2022\/04\/download.jpeg 463w, https:\/\/oree-de-marly.com\/wp-content\/uploads\/2022\/04\/download-300x177.jpeg 300w\" sizes=\"auto, (max-width: 30px) 100vw, 30px\" \/><\/a><br><a href=\"https:\/\/oree-de-marly.com\/wp-content\/uploads\/2022\/06\/1968-12-11-MODIFICATIF-DU-11.12.19682.pdf\"><img loading=\"lazy\" decoding=\"async\" width=\"30\" height=\"18\" class=\"wp-image-218\" style=\"width: 30px;\" src=\"https:\/\/oree-de-marly.com\/wp-content\/uploads\/2022\/04\/download.jpeg\" alt=\"\" srcset=\"https:\/\/oree-de-marly.com\/wp-content\/uploads\/2022\/04\/download.jpeg 463w, https:\/\/oree-de-marly.com\/wp-content\/uploads\/2022\/04\/download-300x177.jpeg 300w\" sizes=\"auto, (max-width: 30px) 100vw, 30px\" \/><\/a><\/td><\/tr><tr><td>28-09-1992<\/td><td>Modificatif du 28-09-1992<br><em>Modification du cadastre et division de 2 lots<\/em><\/td><td>750k<\/td><td class=\"has-text-align-center\" data-align=\"center\"><a href=\"https:\/\/oree-de-marly.com\/wp-content\/uploads\/2022\/06\/1992-09-28-MODIFICATIF-DU-28.09.1992.pdf\"><img loading=\"lazy\" decoding=\"async\" width=\"30\" height=\"18\" class=\"wp-image-218\" style=\"width: 30px;\" src=\"https:\/\/oree-de-marly.com\/wp-content\/uploads\/2022\/04\/download.jpeg\" alt=\"\" srcset=\"https:\/\/oree-de-marly.com\/wp-content\/uploads\/2022\/04\/download.jpeg 463w, https:\/\/oree-de-marly.com\/wp-content\/uploads\/2022\/04\/download-300x177.jpeg 300w\" sizes=\"auto, (max-width: 30px) 100vw, 30px\" \/><\/a><\/td><\/tr><tr><td>28-07-2004<\/td><td>Modificatif du 28-07-2004<br><em>Cession <em>\u00e0 la mairie<\/em> de petites parcelles le long de la rue Le Bourblanc <\/em><\/td><td>1M<\/td><td class=\"has-text-align-center\" data-align=\"center\"><a href=\"https:\/\/oree-de-marly.com\/wp-content\/uploads\/2022\/06\/2004-07-28-MODIFICATIF-DU-28.07.2004.pdf\"><img loading=\"lazy\" decoding=\"async\" width=\"30\" height=\"18\" class=\"wp-image-218\" style=\"width: 30px;\" src=\"https:\/\/oree-de-marly.com\/wp-content\/uploads\/2022\/04\/download.jpeg\" alt=\"\" srcset=\"https:\/\/oree-de-marly.com\/wp-content\/uploads\/2022\/04\/download.jpeg 463w, https:\/\/oree-de-marly.com\/wp-content\/uploads\/2022\/04\/download-300x177.jpeg 300w\" sizes=\"auto, (max-width: 30px) 100vw, 30px\" \/><\/a><\/td><\/tr><tr><td>12-01-2006<\/td><td>Modificatif du 12-01-2006<br><em>Echange de parcelles suite \u00e0 la restructuration du centre commercial<\/em><\/td><td>1.4M<\/td><td class=\"has-text-align-center\" data-align=\"center\"><a href=\"https:\/\/oree-de-marly.com\/wp-content\/uploads\/2022\/06\/2006-01-12-MODIFICATIF-DU-12.01.2006.pdf\"><img loading=\"lazy\" decoding=\"async\" width=\"30\" height=\"18\" class=\"wp-image-218\" style=\"width: 30px;\" src=\"https:\/\/oree-de-marly.com\/wp-content\/uploads\/2022\/04\/download.jpeg\" alt=\"\" srcset=\"https:\/\/oree-de-marly.com\/wp-content\/uploads\/2022\/04\/download.jpeg 463w, https:\/\/oree-de-marly.com\/wp-content\/uploads\/2022\/04\/download-300x177.jpeg 300w\" sizes=\"auto, (max-width: 30px) 100vw, 30px\" \/><\/a><\/td><\/tr><tr><td>25-07-2011<\/td><td>Transfert d&#8217;office de la rue de la poste dans le domaine public<\/td><td>550k<\/td><td class=\"has-text-align-center\" data-align=\"center\"><a href=\"https:\/\/oree-de-marly.com\/wp-content\/uploads\/2022\/06\/2011-07-06-MODIFICATIF-DU-06.07.2011.pdf\"><img loading=\"lazy\" decoding=\"async\" width=\"30\" height=\"18\" class=\"wp-image-218\" style=\"width: 30px;\" src=\"https:\/\/oree-de-marly.com\/wp-content\/uploads\/2022\/04\/download.jpeg\" alt=\"\" srcset=\"https:\/\/oree-de-marly.com\/wp-content\/uploads\/2022\/04\/download.jpeg 463w, https:\/\/oree-de-marly.com\/wp-content\/uploads\/2022\/04\/download-300x177.jpeg 300w\" sizes=\"auto, (max-width: 30px) 100vw, 30px\" \/><\/a><\/td><\/tr><tr><td>22-05-2023<\/td><td>Modificatif du 22-05-2023<br><em>Cr\u00e9ation de places de parkings suite \u00e0 la restructuration du centre commercial (2006)<\/em><\/td><td>1,1M<\/td><td class=\"has-text-align-center\" data-align=\"center\"><a href=\"https:\/\/oree-de-marly.com\/wp-content\/uploads\/2024\/03\/2023-04-27-Modif-RCP-avec-mentions.pdf\" target=\"_blank\" rel=\"noreferrer noopener\"><img loading=\"lazy\" decoding=\"async\" width=\"30\" height=\"18\" class=\"wp-image-218\" style=\"width: 30px;\" src=\"https:\/\/oree-de-marly.com\/wp-content\/uploads\/2022\/04\/download.jpeg\" alt=\"\" srcset=\"https:\/\/oree-de-marly.com\/wp-content\/uploads\/2022\/04\/download.jpeg 463w, https:\/\/oree-de-marly.com\/wp-content\/uploads\/2022\/04\/download-300x177.jpeg 300w\" sizes=\"auto, (max-width: 30px) 100vw, 30px\" \/><\/a><\/td><\/tr><tr><td>en cours<\/td><td>Modificatif<br><em>Cr\u00e9ation et suppression de lots suite \u00e0 la restructuration du centre commercial (2006)<\/em><\/td><td><\/td><td class=\"has-text-align-center\" data-align=\"center\"><\/td><\/tr><tr><td>en cours<\/td><td>Modificatif<br><em>Annulation du transfert d&#8217;office de la rue de la poste par le tribunal administratif de Versailles le 18-02-2016<\/em><\/td><td><\/td><td class=\"has-text-align-center\" data-align=\"center\"><\/td><\/tr><\/tbody><\/table><\/figure>\n\n\n\n<h1 class=\"wp-block-heading\">R\u00e8glements int\u00e9rieurs<\/h1>\n\n\n\n<figure class=\"wp-block-table is-style-regular\"><table><thead><tr><th>Date<\/th><th>Document<\/th><th>Taille<\/th><th class=\"has-text-align-center\" data-align=\"center\">T\u00e9l\u00e9charger<\/th><\/tr><\/thead><tbody><tr><td>2025<\/td><td>R\u00e8glement int\u00e9rieur de la r\u00e9sidence et de la piscine<\/td><td>4M<\/td><td class=\"has-text-align-center\" data-align=\"center\"><a href=\"https:\/\/oree-de-marly.com\/wp-content\/uploads\/2025\/12\/Reglement-interieur-2025.pdf\"><img loading=\"lazy\" decoding=\"async\" width=\"30\" height=\"18\" class=\"wp-image-218\" style=\"width: 30px;\" src=\"https:\/\/oree-de-marly.com\/wp-content\/uploads\/2022\/04\/download.jpeg\" alt=\"\" srcset=\"https:\/\/oree-de-marly.com\/wp-content\/uploads\/2022\/04\/download.jpeg 463w, https:\/\/oree-de-marly.com\/wp-content\/uploads\/2022\/04\/download-300x177.jpeg 300w\" sizes=\"auto, (max-width: 30px) 100vw, 30px\" \/><\/a><\/td><\/tr><tr><td>2024<\/td><td>R\u00e8glement int\u00e9rieur de la piscine<\/td><td>2M<\/td><td class=\"has-text-align-center\" data-align=\"center\"><a href=\"https:\/\/oree-de-marly.com\/wp-content\/uploads\/2024\/05\/2024-03_Reglement-Piscine_v1.2.pdf\"><img loading=\"lazy\" decoding=\"async\" width=\"30\" height=\"18\" class=\"wp-image-218\" style=\"width: 30px;\" src=\"https:\/\/oree-de-marly.com\/wp-content\/uploads\/2022\/04\/download.jpeg\" alt=\"\" srcset=\"https:\/\/oree-de-marly.com\/wp-content\/uploads\/2022\/04\/download.jpeg 463w, https:\/\/oree-de-marly.com\/wp-content\/uploads\/2022\/04\/download-300x177.jpeg 300w\" sizes=\"auto, (max-width: 30px) 100vw, 30px\" \/><\/a><\/td><\/tr><\/tbody><\/table><\/figure>\n\n\n\n<p><\/p>\n","protected":false},"excerpt":{"rendered":"<p>R\u00e8glement de copropri\u00e9t\u00e9 Date Document Taille T\u00e9l\u00e9charger 19-07-1966 R\u00e8glement de copropri\u00e9t\u00e9 de 1966Version originale (document en 2 parties) 15M14M 11-12-1968 R\u00e8glement de copropri\u00e9t\u00e9 de 1968Modification de la r\u00e9partition en phases de construction et lots (document en 2 parties) 15M18M 28-09-1992 Modificatif du 28-09-1992Modification du cadastre et division de 2 lots 750k 28-07-2004 Modificatif du 28-07-2004Cession &hellip; <\/p>\n<p class=\"link-more\"><a href=\"https:\/\/oree-de-marly.com\/?page_id=237\" class=\"more-link\">Continuer la lecture<span class=\"screen-reader-text\"> de &laquo;&nbsp;Autres documents&nbsp;&raquo;<\/span><\/a><\/p>\n","protected":false},"author":1,"featured_media":0,"parent":202,"menu_order":2,"comment_status":"closed","ping_status":"closed","template":"","meta":{"footnotes":""},"class_list":["post-237","page","type-page","status-publish","hentry"],"jetpack_sharing_enabled":true,"_links":{"self":[{"href":"https:\/\/oree-de-marly.com\/index.php?rest_route=\/wp\/v2\/pages\/237","targetHints":{"allow":["GET"]}}],"collection":[{"href":"https:\/\/oree-de-marly.com\/index.php?rest_route=\/wp\/v2\/pages"}],"about":[{"href":"https:\/\/oree-de-marly.com\/index.php?rest_route=\/wp\/v2\/types\/page"}],"author":[{"embeddable":true,"href":"https:\/\/oree-de-marly.com\/index.php?rest_route=\/wp\/v2\/users\/1"}],"replies":[{"embeddable":true,"href":"https:\/\/oree-de-marly.com\/index.php?rest_route=%2Fwp%2Fv2%2Fcomments&post=237"}],"version-history":[{"count":43,"href":"https:\/\/oree-de-marly.com\/index.php?rest_route=\/wp\/v2\/pages\/237\/revisions"}],"predecessor-version":[{"id":4234,"href":"https:\/\/oree-de-marly.com\/index.php?rest_route=\/wp\/v2\/pages\/237\/revisions\/4234"}],"up":[{"embeddable":true,"href":"https:\/\/oree-de-marly.com\/index.php?rest_route=\/wp\/v2\/pages\/202"}],"wp:attachment":[{"href":"https:\/\/oree-de-marly.com\/index.php?rest_route=%2Fwp%2Fv2%2Fmedia&parent=237"}],"curies":[{"name":"wp","href":"https:\/\/api.w.org\/{rel}","templated":true}]}}