{"id":117,"date":"2022-03-28T18:16:18","date_gmt":"2022-03-28T16:16:18","guid":{"rendered":"https:\/\/oree-de-marly.com\/?page_id=117"},"modified":"2025-12-08T19:41:51","modified_gmt":"2025-12-08T18:41:51","slug":"brouillon-auto-4","status":"publish","type":"page","link":"https:\/\/oree-de-marly.com\/?page_id=117","title":{"rendered":"La r\u00e9sidence"},"content":{"rendered":"<div class=\"vce-row-container\" data-vce-boxed-width=\"true\"><div class=\"vce-row vce-row--col-gap-30 vce-row-equal-height vce-row-content--top\" id=\"el-12aaba09\" data-vce-do-apply=\"all el-12aaba09\"><div class=\"vce-row-content\" data-vce-element-content=\"true\"><div class=\"vce-col vce-col--md-auto vce-col--xs-1 vce-col--xs-last vce-col--xs-first vce-col--sm-last vce-col--sm-first vce-col--md-first vce-col--lg-first vce-col--xl-first\" id=\"el-7f5f63ea\"><div class=\"vce-col-inner\" data-vce-do-apply=\"border margin background  el-7f5f63ea\"><div class=\"vce-col-content\" data-vce-element-content=\"true\" data-vce-do-apply=\"padding el-7f5f63ea\"><div class=\"vce-single-image-container vce-single-image--align-center\"><div class=\"vce vce-single-image-wrapper\" id=\"el-3f88ea89\" data-vce-do-apply=\"all el-3f88ea89\"><figure><div class=\"vce-single-image-figure-inner\" style=\"width: 908px;\"><a href=\"https:\/\/oree-de-marly.com\/?page_id=89\" title=\"\" class=\"vce-single-image-inner vce-single-image--absolute vce-single-image--border-rounded\" style=\"width: 100%; padding-bottom: 68.942731%;\"><img loading=\"lazy\" decoding=\"async\" class=\"vce-single-image\"  width=\"908\" height=\"626\" srcset=\"https:\/\/oree-de-marly.com\/wp-content\/uploads\/2025\/12\/tab-Histoire-320x221.jpeg 320w, https:\/\/oree-de-marly.com\/wp-content\/uploads\/2025\/12\/tab-Histoire-480x331.jpeg 480w, https:\/\/oree-de-marly.com\/wp-content\/uploads\/2025\/12\/tab-Histoire-800x552.jpeg 800w, https:\/\/oree-de-marly.com\/wp-content\/uploads\/2025\/12\/tab-Histoire-908x626.jpeg 908w\" src=\"https:\/\/oree-de-marly.com\/wp-content\/uploads\/2025\/12\/tab-Histoire-908x626.jpeg\" data-img-src=\"https:\/\/oree-de-marly.com\/wp-content\/uploads\/2022\/03\/tab-Histoire.jpeg\" data-attachment-id=\"118\"  alt=\"\" title=\"tab Histoire\" \/><\/a><\/div><figcaption hidden=\"\"><\/figcaption><\/figure><\/div><\/div><div class=\"vce-text-block\"><div class=\"vce-text-block-wrapper vce\" id=\"el-2825e9e4\" data-vce-do-apply=\"all el-2825e9e4\"><h2>La r\u00e9sidence<\/h2>\n<p>Construite sur un terrain d'environ 9 ha entre 1965 et 1970, raval\u00e9e en 2004, la r\u00e9sidence compte 23 immeubles de 3 \u00e9tages, 1 immeuble de plain-pieds et une chaufferie, 51 cages d'escaliers (donc d'ascenseurs), 585 logements allant de 18 \u00e0 160 m2, une piscine chauff\u00e9e et 2 aires de jeux pour les enfants pour environ 1300 habitants.<\/p><\/div><\/div><div class=\"vce-button--style-basic-container vce-button--style-basic-container--align-center\"><span class=\"vce-button--style-basic-wrapper vce\" id=\"el-c6c2f52a\" data-vce-do-apply=\"margin el-c6c2f52a\"><a class=\"vce-button vce-button--style-basic vce-button--style-basic--border-round vce-button--style-basic--size-medium vce-button--style-basic--color-557cbf--fff\" href=\"https:\/\/oree-de-marly.com\/?page_id=89\" title=\"\" data-vce-do-apply=\"padding border background  el-c6c2f52a\">En savoir plus<\/a><\/span><\/div><\/div><\/div><\/div><div class=\"vce-col vce-col--md-auto vce-col--xs-1 vce-col--xs-last vce-col--xs-first vce-col--sm-last vce-col--sm-first\" id=\"el-605ed47c\"><div class=\"vce-col-inner\" data-vce-do-apply=\"border margin background  el-605ed47c\"><div class=\"vce-col-content\" data-vce-element-content=\"true\" data-vce-do-apply=\"padding el-605ed47c\"><div class=\"vce-single-image-container vce-single-image--align-center\"><div class=\"vce vce-single-image-wrapper\" id=\"el-b3041f40\" data-vce-do-apply=\"all el-b3041f40\"><figure><div class=\"vce-single-image-figure-inner\" style=\"width: 908px;\"><a href=\"https:\/\/oree-de-marly.com\/?page_id=96\" title=\"\" class=\"vce-single-image-inner vce-single-image--absolute vce-single-image--border-rounded\" style=\"width: 100%; padding-bottom: 68.942731%;\"><img loading=\"lazy\" decoding=\"async\" class=\"vce-single-image\"  width=\"908\" height=\"626\" srcset=\"https:\/\/oree-de-marly.com\/wp-content\/uploads\/2025\/12\/tab-livret-320x221.jpeg 320w, https:\/\/oree-de-marly.com\/wp-content\/uploads\/2025\/12\/tab-livret-480x331.jpeg 480w, https:\/\/oree-de-marly.com\/wp-content\/uploads\/2025\/12\/tab-livret-800x552.jpeg 800w, https:\/\/oree-de-marly.com\/wp-content\/uploads\/2025\/12\/tab-livret-908x626.jpeg 908w\" src=\"https:\/\/oree-de-marly.com\/wp-content\/uploads\/2025\/12\/tab-livret-908x626.jpeg\" data-img-src=\"https:\/\/oree-de-marly.com\/wp-content\/uploads\/2022\/03\/tab-livret.jpeg\" data-attachment-id=\"119\"  alt=\"\" title=\"tab livret\" \/><\/a><\/div><figcaption hidden=\"\"><\/figcaption><\/figure><\/div><\/div><div class=\"vce-text-block\"><div class=\"vce-text-block-wrapper vce\" id=\"el-780d53db\" data-vce-do-apply=\"all el-780d53db\"><h2>Livret d'accueil<\/h2><p>Ce livret vous donne toutes les informations n\u00e9cessaire pour vous installer \u00e0 l'Or\u00e9e de Marly.<\/p><\/div><\/div><div class=\"vce-button--style-basic-container vce-button--style-basic-container--align-center\"><span class=\"vce-button--style-basic-wrapper vce\" id=\"el-cd07e23b\" data-vce-do-apply=\"margin el-cd07e23b\"><a class=\"vce-button vce-button--style-basic vce-button--style-basic--border-round vce-button--style-basic--size-medium vce-button--style-basic--color-557cbf--fff\" href=\"https:\/\/oree-de-marly.com\/?page_id=96\" title=\"\" data-vce-do-apply=\"padding border background  el-cd07e23b\">En savoir plus<\/a><\/span><\/div><\/div><\/div><\/div><div class=\"vce-col vce-col--md-auto vce-col--xs-1 vce-col--xs-last vce-col--xs-first vce-col--sm-last vce-col--sm-first vce-col--md-last vce-col--lg-last vce-col--xl-last\" id=\"el-fc35f6d4\"><div class=\"vce-col-inner\" data-vce-do-apply=\"border margin background  el-fc35f6d4\"><div class=\"vce-col-content\" data-vce-element-content=\"true\" data-vce-do-apply=\"padding el-fc35f6d4\"><div class=\"vce-single-image-container vce-single-image--align-center\"><div class=\"vce vce-single-image-wrapper\" id=\"el-b001cd52\" data-vce-do-apply=\"all el-b001cd52\"><figure><div class=\"vce-single-image-figure-inner\" style=\"width: 908px;\"><a href=\"https:\/\/oree-de-marly.com\/?page_id=109\" title=\"\" class=\"vce-single-image-inner vce-single-image--absolute vce-single-image--border-rounded\" style=\"width: 100%; padding-bottom: 68.942731%;\"><img loading=\"lazy\" decoding=\"async\" class=\"vce-single-image\"  width=\"908\" height=\"626\" srcset=\"https:\/\/oree-de-marly.com\/wp-content\/uploads\/2025\/12\/tab-Espaces-Verts-320x221.jpeg 320w, https:\/\/oree-de-marly.com\/wp-content\/uploads\/2025\/12\/tab-Espaces-Verts-480x331.jpeg 480w, https:\/\/oree-de-marly.com\/wp-content\/uploads\/2025\/12\/tab-Espaces-Verts-800x552.jpeg 800w, https:\/\/oree-de-marly.com\/wp-content\/uploads\/2025\/12\/tab-Espaces-Verts-908x626.jpeg 908w\" src=\"https:\/\/oree-de-marly.com\/wp-content\/uploads\/2025\/12\/tab-Espaces-Verts-908x626.jpeg\" data-img-src=\"https:\/\/oree-de-marly.com\/wp-content\/uploads\/2022\/03\/tab-Espaces-Verts.jpeg\" data-attachment-id=\"110\"  alt=\"\" title=\"tab Espaces Verts\" \/><\/a><\/div><figcaption hidden=\"\"><\/figcaption><\/figure><\/div><\/div><div class=\"vce-text-block\"><div class=\"vce-text-block-wrapper vce\" id=\"el-d5bc0fed\" data-vce-do-apply=\"all el-d5bc0fed\"><h2>Qualit\u00e9 de la vie<\/h2><p>Notre r\u00e9sidence couvre 9 ha avec des espaces verts magnifiques, 2 aires de jeux et une piscine. Leur entretien est la responsabilit\u00e9 de tous.<\/p><\/div><\/div><div class=\"vce-button--style-basic-container vce-button--style-basic-container--align-center\"><span class=\"vce-button--style-basic-wrapper vce\" id=\"el-fb334693\" data-vce-do-apply=\"margin el-fb334693\"><a class=\"vce-button vce-button--style-basic vce-button--style-basic--border-round vce-button--style-basic--size-medium vce-button--style-basic--color-557cbf--fff\" href=\"https:\/\/oree-de-marly.com\/?page_id=109\" title=\"\" data-vce-do-apply=\"padding border background  el-fb334693\">En savoir plus<\/a><\/span><\/div><\/div><\/div><\/div><\/div><\/div><\/div><div class=\"vce-row-container\" data-vce-boxed-width=\"true\"><div class=\"vce-row vce-row--col-gap-30 vce-row-equal-height vce-row-content--top\" id=\"el-f52bda64\" data-vce-do-apply=\"all el-f52bda64\"><div class=\"vce-row-content\" data-vce-element-content=\"true\"><div class=\"vce-col vce-col--md-auto vce-col--xs-1 vce-col--xs-last vce-col--xs-first vce-col--sm-last vce-col--sm-first vce-col--md-first vce-col--lg-first vce-col--xl-first\" id=\"el-9ebd74b6\"><div class=\"vce-col-inner\" data-vce-do-apply=\"border margin background  el-9ebd74b6\"><div class=\"vce-col-content\" data-vce-element-content=\"true\" data-vce-do-apply=\"padding el-9ebd74b6\"><div class=\"vce vce-separator-container vce-separator--align-center vce-separator--style-solid\" id=\"el-2e919147\" data-vce-do-apply=\"margin el-2e919147\"><div class=\"vce-separator vce-separator--color-bfc0c1 vce-separator--width-60 vce-separator--thickness-1\" data-vce-do-apply=\"border padding background  el-2e919147\"><\/div><\/div><div class=\"vce-simple-image-slider\" style=\"--backgroundPosition: center center; --pointerColor: #fff; --pointerColorHover: #fd9a00;\"><div class=\"vce-simple-image-slider-wrapper vce vce-simple-image-slider-shape--rounded\" id=\"el-35fc0d3c\" data-vce-do-apply=\"all el-35fc0d3c\"><div class=\"vce-simple-image-slider-helper vce-simple-image-slider-aspect-ratio--custom\" style=\"padding-top: 68.942731%;\"><div class=\"vce-simple-image-slider-list\" data-slick-autoplay=\"on\" data-slick-autoplay-delay=\"5000\" data-slick-effect=\"slideIn\" data-slick-dots=\"on\" data-slick-arrows=\"off\"><div class=\"slick-list\"><div class=\"slick-track\"><div class=\"vce-simple-image-slider-item vc-slick-item\"><a href=\"https:\/\/oree-de-marly.com\/?page_id=94\" title=\"\" style=\"background-image:url(https:\/\/oree-de-marly.com\/wp-content\/uploads\/2022\/03\/Patrice-Coster.jpg)\" class=\"vce-simple-image-slider-img vce-simple-image-slider-img--scale\"><img decoding=\"async\" class=\"\" src=\"https:\/\/oree-de-marly.com\/wp-content\/uploads\/2022\/03\/Patrice-Coster.jpg\" style=\"opacity:0\" alt=\"\"><\/a><\/div><div class=\"vce-simple-image-slider-item vc-slick-item\"><a href=\"http:\/\/oree-de-marly.com\/?page_id=94\" title=\"\" style=\"background-image:url(https:\/\/oree-de-marly.com\/wp-content\/uploads\/2022\/04\/Laurent-Galy.jpg)\" class=\"vce-simple-image-slider-img vce-simple-image-slider-img--scale\"><img decoding=\"async\" class=\"\" src=\"https:\/\/oree-de-marly.com\/wp-content\/uploads\/2022\/04\/Laurent-Galy.jpg\" style=\"opacity:0\" alt=\"\"><\/a><\/div><div class=\"vce-simple-image-slider-item vc-slick-item\"><a href=\"http:\/\/oree-de-marly.com\/?page_id=94\" title=\"\" style=\"background-image:url(https:\/\/oree-de-marly.com\/wp-content\/uploads\/2022\/03\/N-Cordier.jpg)\" class=\"vce-simple-image-slider-img vce-simple-image-slider-img--scale\"><img decoding=\"async\" class=\"\" src=\"https:\/\/oree-de-marly.com\/wp-content\/uploads\/2022\/03\/N-Cordier.jpg\" style=\"opacity:0\" alt=\"\"><\/a><\/div><div class=\"vce-simple-image-slider-item vc-slick-item\"><a href=\"http:\/\/oree-de-marly.com\/?page_id=94\" title=\"\" style=\"background-image:url(https:\/\/oree-de-marly.com\/wp-content\/uploads\/2022\/03\/Liliane-Cloatre-scaled.jpg)\" class=\"vce-simple-image-slider-img vce-simple-image-slider-img--scale\"><img decoding=\"async\" class=\"\" src=\"https:\/\/oree-de-marly.com\/wp-content\/uploads\/2022\/03\/Liliane-Cloatre-scaled.jpg\" style=\"opacity:0\" alt=\"\"><\/a><\/div><div class=\"vce-simple-image-slider-item vc-slick-item\"><a href=\"http:\/\/oree-de-marly.com\/?page_id=94\" title=\"\" style=\"background-image:url(https:\/\/oree-de-marly.com\/wp-content\/uploads\/2024\/06\/Evelyne-Rigatti.png)\" class=\"vce-simple-image-slider-img vce-simple-image-slider-img--scale\"><img decoding=\"async\" class=\"\" src=\"https:\/\/oree-de-marly.com\/wp-content\/uploads\/2024\/06\/Evelyne-Rigatti.png\" style=\"opacity:0\" alt=\"\"><\/a><\/div><div class=\"vce-simple-image-slider-item vc-slick-item\"><a href=\"http:\/\/oree-de-marly.com\/?page_id=94\" title=\"\" style=\"background-image:url(https:\/\/oree-de-marly.com\/wp-content\/uploads\/2022\/03\/Jean-Pierre-Castric.jpg)\" class=\"vce-simple-image-slider-img vce-simple-image-slider-img--scale\"><img decoding=\"async\" class=\"\" src=\"https:\/\/oree-de-marly.com\/wp-content\/uploads\/2022\/03\/Jean-Pierre-Castric.jpg\" style=\"opacity:0\" alt=\"\"><\/a><\/div><div class=\"vce-simple-image-slider-item vc-slick-item\"><a href=\"http:\/\/oree-de-marly.com\/?page_id=94\" title=\"\" style=\"background-image:url(https:\/\/oree-de-marly.com\/wp-content\/uploads\/2022\/03\/Jean-Marie-Deny.jpg)\" class=\"vce-simple-image-slider-img vce-simple-image-slider-img--scale\"><img decoding=\"async\" class=\"\" src=\"https:\/\/oree-de-marly.com\/wp-content\/uploads\/2022\/03\/Jean-Marie-Deny.jpg\" style=\"opacity:0\" alt=\"\"><\/a><\/div><\/div><\/div><\/div><div class=\"vce-simple-image-slider-dots\"><\/div><\/div><\/div><\/div><div class=\"vce-text-block\"><div class=\"vce-text-block-wrapper vce\" id=\"el-809e7793\" data-vce-do-apply=\"all el-809e7793\"><h2>Le Conseil Syndical<\/h2><p>Le Conseil Syndical est compos\u00e9 de 12 membres \u00e9lus par l\u2019assembl\u00e9e g\u00e9n\u00e9rale des copropri\u00e9taires. Le mandat classique de chaque membre est de 3 ans.<\/p><\/div><\/div><div class=\"vce-button--style-basic-container vce-button--style-basic-container--align-center\"><span class=\"vce-button--style-basic-wrapper vce\" id=\"el-77cb61e3\" data-vce-do-apply=\"margin el-77cb61e3\"><a class=\"vce-button vce-button--style-basic vce-button--style-basic--border-round vce-button--style-basic--size-medium vce-button--style-basic--color-557cbf--fff\" href=\"https:\/\/oree-de-marly.com\/?page_id=94\" title=\"\" data-vce-do-apply=\"padding border background  el-77cb61e3\">En savoir plus<\/a><\/span><\/div><\/div><\/div><\/div><div class=\"vce-col vce-col--md-auto vce-col--xs-1 vce-col--xs-last vce-col--xs-first vce-col--sm-last vce-col--sm-first\" id=\"el-e954521f\"><div class=\"vce-col-inner\" data-vce-do-apply=\"border margin background  el-e954521f\"><div class=\"vce-col-content\" data-vce-element-content=\"true\" data-vce-do-apply=\"padding el-e954521f\"><div class=\"vce vce-separator-container vce-separator--align-center vce-separator--style-solid\" id=\"el-d5e82e00\" data-vce-do-apply=\"margin el-d5e82e00\"><div class=\"vce-separator vce-separator--color-bfc0c1 vce-separator--width-60 vce-separator--thickness-1\" data-vce-do-apply=\"border padding background  el-d5e82e00\"><\/div><\/div><div class=\"vce-single-image-container vce-single-image--align-left\"><div class=\"vce vce-single-image-wrapper\" id=\"el-bbd823f2\" data-vce-do-apply=\"all el-bbd823f2\"><figure><div class=\"vce-single-image-figure-inner\" style=\"width: 908px;\"><a href=\"https:\/\/oree-de-marly.com\/?page_id=504\" title=\"\" target=\"_blank\" class=\"vce-single-image-inner vce-single-image--absolute vce-single-image--border-rounded\" style=\"width: 100%; padding-bottom: 68.942731%;\"><img loading=\"lazy\" decoding=\"async\" class=\"vce-single-image\"  width=\"908\" height=\"626\" srcset=\"https:\/\/oree-de-marly.com\/wp-content\/uploads\/2025\/12\/tab-CS2-320x221.png 320w, https:\/\/oree-de-marly.com\/wp-content\/uploads\/2025\/12\/tab-CS2-480x331.png 480w, https:\/\/oree-de-marly.com\/wp-content\/uploads\/2025\/12\/tab-CS2-800x552.png 800w, https:\/\/oree-de-marly.com\/wp-content\/uploads\/2025\/12\/tab-CS2-908x626.png 908w\" src=\"https:\/\/oree-de-marly.com\/wp-content\/uploads\/2025\/12\/tab-CS2-908x626.png\" data-img-src=\"https:\/\/oree-de-marly.com\/wp-content\/uploads\/2022\/04\/tab-CS2.png\" data-attachment-id=\"213\"  alt=\"\" title=\"tab CS2\" \/><\/a><\/div><figcaption hidden=\"\"><\/figcaption><\/figure><\/div><\/div><div class=\"vce-text-block\"><div class=\"vce-text-block-wrapper vce\" id=\"el-1b6614f0\" data-vce-do-apply=\"all el-1b6614f0\"><h2>Les D\u00e9l\u00e9gu\u00e9s de b\u00e2timent<\/h2>\n<p>Afin de faciliter la communication entre les r\u00e9sidents et le conseil syndical, nous avons remis en place les d\u00e9l\u00e9gu\u00e9s de b\u00e2timents.<\/p>\n<p>Retrouvez ici la liste des d\u00e9l\u00e9gu\u00e9s de b\u00e2timents.<\/p><\/div><\/div><div class=\"vce-button--style-basic-container vce-button--style-basic-container--align-center\"><span class=\"vce-button--style-basic-wrapper vce\" id=\"el-0e8a0318\" data-vce-do-apply=\"margin el-0e8a0318\"><a class=\"vce-button vce-button--style-basic vce-button--style-basic--border-round vce-button--style-basic--size-medium vce-button--style-basic--color-557cbf--fff\" href=\"https:\/\/oree-de-marly.com\/?page_id=504\" title=\"\" data-vce-do-apply=\"padding border background  el-0e8a0318\">En savoir plus<\/a><\/span><\/div><\/div><\/div><\/div><div class=\"vce-col vce-col--md-auto vce-col--xs-1 vce-col--xs-last vce-col--xs-first vce-col--sm-last vce-col--sm-first vce-col--md-last vce-col--lg-last vce-col--xl-last\" id=\"el-c5b866d6\"><div class=\"vce-col-inner\" data-vce-do-apply=\"border margin background  el-c5b866d6\"><div class=\"vce-col-content\" data-vce-element-content=\"true\" data-vce-do-apply=\"padding el-c5b866d6\"><div class=\"vce vce-separator-container vce-separator--align-center vce-separator--style-solid\" id=\"el-b57ecb8f\" data-vce-do-apply=\"margin el-b57ecb8f\"><div class=\"vce-separator vce-separator--color-bfc0c1 vce-separator--width-60 vce-separator--thickness-1\" data-vce-do-apply=\"border padding background  el-b57ecb8f\"><\/div><\/div><div class=\"vce-single-image-container vce-single-image--align-center\"><div class=\"vce vce-single-image-wrapper\" id=\"el-ca9d8a5a\" data-vce-do-apply=\"all el-ca9d8a5a\"><figure><div class=\"vce-single-image-figure-inner\" style=\"width: 908px;\"><a href=\"https:\/\/oree-de-marly.com\/?page_id=98\" title=\"\" class=\"vce-single-image-inner vce-single-image--absolute vce-single-image--border-rounded\" style=\"width: 100%; padding-bottom: 68.832599%;\"><img loading=\"lazy\" decoding=\"async\" class=\"vce-single-image\"  width=\"908\" height=\"625\" srcset=\"https:\/\/oree-de-marly.com\/wp-content\/uploads\/2025\/12\/tab-syndic-320x220.jpg 320w, https:\/\/oree-de-marly.com\/wp-content\/uploads\/2025\/12\/tab-syndic-480x330.jpg 480w, https:\/\/oree-de-marly.com\/wp-content\/uploads\/2025\/12\/tab-syndic-800x551.jpg 800w, https:\/\/oree-de-marly.com\/wp-content\/uploads\/2025\/12\/tab-syndic-908x625.jpg 908w\" src=\"https:\/\/oree-de-marly.com\/wp-content\/uploads\/2025\/12\/tab-syndic-908x625.jpg\" data-img-src=\"https:\/\/oree-de-marly.com\/wp-content\/uploads\/2022\/03\/tab-syndic.jpg\" data-attachment-id=\"130\"  alt=\"\" title=\"tab syndic\" \/><\/a><\/div><figcaption hidden=\"\"><\/figcaption><\/figure><\/div><\/div><div class=\"vce-text-block\"><div class=\"vce-text-block-wrapper vce\" id=\"el-28edf30c\" data-vce-do-apply=\"all el-28edf30c\"><h2>Le Syndic<\/h2><p>Toutes les informations concernant le Syndic.<\/p><\/div><\/div><div class=\"vce-button--style-basic-container vce-button--style-basic-container--align-center\"><span class=\"vce-button--style-basic-wrapper vce\" id=\"el-58eb3918\" data-vce-do-apply=\"margin el-58eb3918\"><a class=\"vce-button vce-button--style-basic vce-button--style-basic--border-round vce-button--style-basic--size-medium vce-button--style-basic--color-557cbf--fff\" href=\"https:\/\/oree-de-marly.com\/?page_id=98\" title=\"\" data-vce-do-apply=\"padding border background  el-58eb3918\">En savoir plus<\/a><\/span><\/div><\/div><\/div><\/div><\/div><\/div><\/div><div class=\"vce-row-container\" data-vce-boxed-width=\"true\"><div class=\"vce-row vce-row--col-gap-30 vce-row-equal-height vce-row-content--top\" id=\"el-f41d1b2f\" data-vce-do-apply=\"all el-f41d1b2f\"><div class=\"vce-row-content\" data-vce-element-content=\"true\"><div class=\"vce-col vce-col--md-auto vce-col--xs-1 vce-col--xs-last vce-col--xs-first vce-col--sm-last vce-col--sm-first vce-col--md-first vce-col--lg-first vce-col--xl-first\" id=\"el-5d5ae49a\"><div class=\"vce-col-inner\" data-vce-do-apply=\"border margin background  el-5d5ae49a\"><div class=\"vce-col-content\" data-vce-element-content=\"true\" data-vce-do-apply=\"padding el-5d5ae49a\"><div class=\"vce vce-separator-container vce-separator--align-center vce-separator--style-solid\" id=\"el-ee7a1f52\" data-vce-do-apply=\"margin el-ee7a1f52\"><div class=\"vce-separator vce-separator--color-bfc0c1 vce-separator--width-60 vce-separator--thickness-1\" data-vce-do-apply=\"border padding background  el-ee7a1f52\"><\/div><\/div><div class=\"vce-simple-image-slider\" style=\"--backgroundPosition: center center; --pointerColor: #fff; --pointerColorHover: #fd9a00;\"><div class=\"vce-simple-image-slider-wrapper vce vce-simple-image-slider-shape--rounded\" id=\"el-17f24b8d\" data-vce-do-apply=\"all el-17f24b8d\"><div class=\"vce-simple-image-slider-helper vce-simple-image-slider-aspect-ratio--custom\" style=\"padding-top: 68.942731%;\"><div class=\"vce-simple-image-slider-list\" data-slick-autoplay=\"on\" data-slick-autoplay-delay=\"5000\" data-slick-effect=\"slideIn\" data-slick-dots=\"on\" data-slick-arrows=\"off\"><div class=\"slick-list\"><div class=\"slick-track\"><div class=\"vce-simple-image-slider-item vc-slick-item\"><a href=\"https:\/\/oree-de-marly.com\/?page_id=3788\" title=\"\" target=\"_blank\" style=\"background-image:url(https:\/\/oree-de-marly.com\/wp-content\/uploads\/2025\/12\/OdM-tranches-1.jpg)\" class=\"vce-simple-image-slider-img vce-simple-image-slider-img--scale\"><img decoding=\"async\" class=\"\" src=\"https:\/\/oree-de-marly.com\/wp-content\/uploads\/2025\/12\/OdM-tranches-1.jpg\" style=\"opacity:0\" alt=\"\"><\/a><\/div><\/div><\/div><\/div><div class=\"vce-simple-image-slider-dots\"><\/div><\/div><\/div><\/div><div class=\"vce-text-block\"><div class=\"vce-text-block-wrapper vce\" id=\"el-fa024dd1\" data-vce-do-apply=\"all el-fa024dd1\"><h2>Plan des b\u00e2timents<\/h2>\n<p>D\u00e9couvrez les plans des b\u00e2timents et des appartements ainsi que divers plans de la r\u00e9sidence.<\/p><\/div><\/div><div class=\"vce-button--style-basic-container vce-button--style-basic-container--align-center\"><span class=\"vce-button--style-basic-wrapper vce\" id=\"el-419f436c\" data-vce-do-apply=\"margin el-419f436c\"><a class=\"vce-button vce-button--style-basic vce-button--style-basic--border-round vce-button--style-basic--size-medium vce-button--style-basic--color-557cbf--fff\" href=\"https:\/\/oree-de-marly.com\/?page_id=3788\" title=\"\" data-vce-do-apply=\"padding border background  el-419f436c\">En savoir plus<\/a><\/span><\/div><\/div><\/div><\/div><div class=\"vce-col vce-col--md-auto vce-col--xs-1 vce-col--xs-last vce-col--xs-first vce-col--sm-last vce-col--sm-first\" id=\"el-b8c3b39c\"><div class=\"vce-col-inner\" data-vce-do-apply=\"border margin background  el-b8c3b39c\"><div class=\"vce-col-content\" data-vce-element-content=\"true\" data-vce-do-apply=\"padding el-b8c3b39c\"><div class=\"vce vce-separator-container vce-separator--align-center vce-separator--style-solid\" id=\"el-6130d854\" data-vce-do-apply=\"margin el-6130d854\"><div class=\"vce-separator vce-separator--color-bfc0c1 vce-separator--width-60 vce-separator--thickness-1\" data-vce-do-apply=\"border padding background  el-6130d854\"><\/div><\/div><\/div><\/div><\/div><div class=\"vce-col vce-col--md-auto vce-col--xs-1 vce-col--xs-last vce-col--xs-first vce-col--sm-last vce-col--sm-first vce-col--md-last vce-col--lg-last vce-col--xl-last\" id=\"el-01fae40a\"><div class=\"vce-col-inner\" data-vce-do-apply=\"border margin background  el-01fae40a\"><div class=\"vce-col-content\" data-vce-element-content=\"true\" data-vce-do-apply=\"padding el-01fae40a\"><div class=\"vcv-row-control-wrapper\"><\/div><\/div><\/div><\/div><\/div><\/div><\/div>","protected":false},"excerpt":{"rendered":"<p>La r\u00e9sidence Construite sur un terrain d&#8217;environ 9 ha entre 1965 et 1970, raval\u00e9e en 2004, la r\u00e9sidence compte 23 immeubles de 3 \u00e9tages, 1 immeuble de plain-pieds et une chaufferie, 51 cages d&#8217;escaliers (donc d&#8217;ascenseurs), 585 logements allant de 18 \u00e0 160 m2, une piscine chauff\u00e9e et 2 aires de jeux pour les enfants &hellip; <\/p>\n<p class=\"link-more\"><a href=\"https:\/\/oree-de-marly.com\/?page_id=117\" class=\"more-link\">Continuer la lecture<span class=\"screen-reader-text\"> de &laquo;&nbsp;La r\u00e9sidence&nbsp;&raquo;<\/span><\/a><\/p>\n","protected":false},"author":1,"featured_media":0,"parent":0,"menu_order":0,"comment_status":"closed","ping_status":"closed","template":"","meta":{"footnotes":""},"class_list":["post-117","page","type-page","status-publish","hentry"],"jetpack_sharing_enabled":true,"_links":{"self":[{"href":"https:\/\/oree-de-marly.com\/index.php?rest_route=\/wp\/v2\/pages\/117","targetHints":{"allow":["GET"]}}],"collection":[{"href":"https:\/\/oree-de-marly.com\/index.php?rest_route=\/wp\/v2\/pages"}],"about":[{"href":"https:\/\/oree-de-marly.com\/index.php?rest_route=\/wp\/v2\/types\/page"}],"author":[{"embeddable":true,"href":"https:\/\/oree-de-marly.com\/index.php?rest_route=\/wp\/v2\/users\/1"}],"replies":[{"embeddable":true,"href":"https:\/\/oree-de-marly.com\/index.php?rest_route=%2Fwp%2Fv2%2Fcomments&post=117"}],"version-history":[{"count":26,"href":"https:\/\/oree-de-marly.com\/index.php?rest_route=\/wp\/v2\/pages\/117\/revisions"}],"predecessor-version":[{"id":4031,"href":"https:\/\/oree-de-marly.com\/index.php?rest_route=\/wp\/v2\/pages\/117\/revisions\/4031"}],"wp:attachment":[{"href":"https:\/\/oree-de-marly.com\/index.php?rest_route=%2Fwp%2Fv2%2Fmedia&parent=117"}],"curies":[{"name":"wp","href":"https:\/\/api.w.org\/{rel}","templated":true}]}}