{"id":104,"date":"2022-03-28T17:43:18","date_gmt":"2022-03-28T15:43:18","guid":{"rendered":"https:\/\/oree-de-marly.com\/?page_id=104"},"modified":"2026-04-02T11:41:08","modified_gmt":"2026-04-02T09:41:08","slug":"piscine","status":"publish","type":"page","link":"https:\/\/oree-de-marly.com\/?page_id=104","title":{"rendered":"Piscine"},"content":{"rendered":"\n<p><strong>Saison 2025<\/strong> : Ouverture tous les jours du 14 juin au 31 ao\u00fbt.<\/p>\n\n\n\n<div class=\"wp-block-columns is-layout-flex wp-container-core-columns-is-layout-9d6595d7 wp-block-columns-is-layout-flex\">\n<div class=\"wp-block-column is-layout-flow wp-block-column-is-layout-flow\">\n<p><strong>Horaires d&#8217;ouverture :<\/strong><\/p>\n\n\n\n<figure class=\"wp-block-table is-style-stripes\"><table><thead><tr><th class=\"has-text-align-left\" data-align=\"left\">Jour<\/th><th class=\"has-text-align-left\" data-align=\"left\">Ouverture<\/th><th>Fermeture<\/th><\/tr><\/thead><tbody><tr><td class=\"has-text-align-left\" data-align=\"left\">Lundi<\/td><td class=\"has-text-align-left\" data-align=\"left\">11h<\/td><td><strong>21h<\/strong>*<\/td><\/tr><tr><td class=\"has-text-align-left\" data-align=\"left\">Mardi<\/td><td class=\"has-text-align-left\" data-align=\"left\">11h<\/td><td><strong>21h<\/strong>*<\/td><\/tr><tr><td class=\"has-text-align-left\" data-align=\"left\">Mercredi<\/td><td class=\"has-text-align-left\" data-align=\"left\">11h<\/td><td>20h<\/td><\/tr><tr><td class=\"has-text-align-left\" data-align=\"left\">Jeudi<\/td><td class=\"has-text-align-left\" data-align=\"left\"><strong>14h<\/strong><\/td><td>20h<\/td><\/tr><tr><td class=\"has-text-align-left\" data-align=\"left\">Vendredi<\/td><td class=\"has-text-align-left\" data-align=\"left\">11h<\/td><td><strong><strong>21h<\/strong><\/strong>*<\/td><\/tr><tr><td class=\"has-text-align-left\" data-align=\"left\">Samedi<\/td><td class=\"has-text-align-left\" data-align=\"left\">11h<\/td><td>20h<\/td><\/tr><tr><td class=\"has-text-align-left\" data-align=\"left\">Dimanche<\/td><td class=\"has-text-align-left\" data-align=\"left\">11h<\/td><td>20h<\/td><\/tr><\/tbody><\/table><figcaption class=\"wp-element-caption\">* A partir du 18 ao\u00fbt fermeture tous les jours \u00e0 20h<\/figcaption><\/figure>\n\n\n\n<p><strong>Modalit\u00e9s d&#8217;acc\u00e8s:<\/strong><\/p>\n\n\n\n<p>Pour acc\u00e9der \u00e0 la piscine, chaque r\u00e9sident devra pr\u00e9senter une carte d&#8217;acc\u00e8s \u00e0 son nom en cours de validit\u00e9.<\/p>\n\n\n\n<p>Pour obtenir votre carte, veuillez imprimer, remplir et signer le formulaire que vous pouvez <a href=\"https:\/\/oree-de-marly.com\/wp-content\/uploads\/2024\/05\/2024_Formulaire-carte-piscine-1.pdf\" target=\"_blank\" rel=\"noreferrer noopener\"><strong>t\u00e9l\u00e9charger en cliquant ici <\/strong><\/a>(un formulaire par logement).<\/p>\n\n\n\n<p>Vous devrez le d\u00e9poser \u00e0 la loge avec une photo d&#8217;identit\u00e9 par carte demand\u00e9e. <strong>N&#8217;oubliez pas d&#8217;indiquer nom et pr\u00e9nom au dos de chaque photo<\/strong>.<\/p>\n\n\n\n<p><strong>NB<\/strong>: les cartes existantes sont toujours valables. Seuls les nouveaux r\u00e9sidents et les enfants ayant atteint l&#8217;\u00e2ge de 10 ans depuis l&#8217;\u00e9t\u00e9 2024 doivent faire une demande.<\/p>\n\n\n\n<p><span style=\"caret-color: rgb(0, 0, 0); color: rgb(0, 0, 0); font-size: revert; white-space: normal;\">L&#8217;acc\u00e8s \u00e0 la piscine est subordonn\u00e9 a l&#8217;acceptation sans r\u00e9serve du R\u00e8glement Int\u00e9rieur de la piscine ci-dessous. Vous pouvez&nbsp;<\/span><strong style=\"caret-color: rgb(0, 0, 0); color: rgb(0, 0, 0); font-size: revert; white-space: normal;\"><a href=\"https:\/\/oree-de-marly.com\/wp-content\/uploads\/2025\/06\/202503_Reglement-Piscine_v1.2.pdf\" target=\"_blank\" rel=\"noreferrer noopener\">t\u00e9l\u00e9charger le R\u00e8glement Int\u00e9rieur en cliquant ici<\/a><\/strong><span style=\"caret-color: rgb(0, 0, 0); color: rgb(0, 0, 0); font-size: revert; white-space: normal;\">.<\/span><\/p>\n\n\n\n<p><strong>Quelques r\u00e8gles de base extraites du R\u00e8glement:<\/strong><\/p>\n\n\n\n<ul class=\"wp-block-list\">\n<li>La piscine de l&#8217;Or\u00e9e de Marly n&#8217;est pas la piscine municipale de Noisy-le-Roi et Bailly comme cela a pu sembler \u00eatre le cas dans le pass\u00e9.<\/li>\n\n\n\n<li>Elle est r\u00e9serv\u00e9e aux&nbsp;<strong>r\u00e9sidents<\/strong>, \u00e0 quelques&nbsp;<strong>personnes rattach\u00e9es&nbsp;<\/strong>(membres de leur famille) et \u00e0 4&nbsp;<strong>invit\u00e9s&nbsp;<\/strong>maximum.<\/li>\n\n\n\n<li>C&#8217;est pourquoi nous avons r\u00e9introduit le syst\u00e8me de carte individuelle.<\/li>\n\n\n\n<li>Les&nbsp;<strong>invit\u00e9s&nbsp;<\/strong>doivent toujours \u00eatre accompagn\u00e9s d&#8217;un&nbsp;<strong>r\u00e9sident<\/strong>.<\/li>\n\n\n\n<li>Les enfants de moins de 10 ans doivent toujours rester sous la supervision d&#8217;un adulte. La piscine n&#8217;est pas une garderie et le ma\u00eetre-nageur ne peut en aucun cas faire office de nounou.<\/li>\n\n\n\n<li><strong>NB<\/strong>: Les personnes en location saisonni\u00e8re sont consid\u00e9r\u00e9s comme des invit\u00e9s et doivent \u00eatre accompagn\u00e9es par le r\u00e9sident permanent.<\/li>\n<\/ul>\n<\/div>\n\n\n\n<div class=\"wp-block-column is-layout-flow wp-block-column-is-layout-flow\"><a href=\"https:\/\/oree-de-marly.com\/wp-content\/uploads\/2025\/06\/202503_Reglement-Piscine_v1.2.pdf\" class=\"pdfemb-viewer\" style=\"\" data-width=\"max\" data-height=\"max\" data-toolbar=\"bottom\" data-toolbar-fixed=\"on\">202503_Reglement-Piscine_v1.2<\/a>\n\n\n<p><\/p>\n<\/div>\n<\/div>\n\n\n\n<p id=\"FREQ\"><strong>Fr\u00e9quentation :<\/strong><\/p>\n\n\n<style>\n       .errordiv { padding:10px; margin:10px; border: 1px solid #555555;color: #000000;background-color: #f8f8f8; width:500px; }#advanced_iframe {visibility:visible;opacity:1;vertical-align:top;}.ai-info-bottom-iframe { position: fixed; z-index: 10000; bottom:0; left: 0; margin: 0px; text-align: center; width: 100%; background-color: #ff9999; padding-left: 5px;padding-bottom: 5px; border-top: 1px solid #aaa } a.ai-bold {font-weight: bold;}#ai-layer-div-advanced_iframe p {height:100%;margin:0;padding:0}<\/style><script type=\"text\/javascript\">var ai_iframe_width_advanced_iframe = 0;var ai_iframe_height_advanced_iframe = 0;function aiReceiveMessageadvanced_iframe(event) {  aiProcessMessage(event,\"advanced_iframe\", \"true\",\"\",\"false\",\"false\");}if (window.addEventListener) {  window.addEventListener(\"message\", aiReceiveMessageadvanced_iframe);} else if (el.attachEvent)  {  el.attachEvent(\"message\", aiReceiveMessageadvanced_iframe);}var aiOnloadScrollTop=\"true\";var aiShowDebug=false;\n\t\tif (typeof aiReadyCallbacks === 'undefined') {\n\t\t\tvar aiReadyCallbacks = [];\n\t\t} else if (!(aiReadyCallbacks instanceof Array)) {\n\t\t\tvar aiReadyCallbacks = [];\n\t\t}    function aiShowIframeId(id_iframe) { jQuery(\"#\"+id_iframe).css(\"visibility\", \"visible\");    }    function aiResizeIframeHeight(height) { aiResizeIframeHeight(height,advanced_iframe); }    function aiResizeIframeHeightId(height,width,id) {aiResizeIframeHeightById(id,height);}<\/script><iframe id=\"advanced_iframe\"  name=\"advanced_iframe\"  src=\"https:\/\/www.oree-de-marly.com\/PSC\/PSC_statembed.php\"  width=\"800\"  height=\"500\"  frameborder=\"0\"  border=\"0\"  allowtransparency=\"true\"  loading=\"lazy\"  style=\";border-width: 0px;;border: none;;width:800px;;height:500px;\"  onload='aiResizeIframe(this, &quot;false&quot;,&quot;1&quot;)' ><\/iframe><script type=\"text\/javascript\">var ifrm_advanced_iframe = document.getElementById(\"advanced_iframe\");var hiddenTabsDoneadvanced_iframe = false;\nfunction resizeCallbackadvanced_iframe() {}<\/script><script type=\"text\/javascript\"><\/script><p style=\"display:block !important; visibility:visible !important;margin: -18px 14px 0 0;padding-left: 3px;padding-top:3px;background: white; overflow: hidden; position: relative; line-height:15px;width: fit-content;\"><small style=\"display:block !important;visibility:visible !important\">powered by Advanced iFrame<\/small><\/p>\n\n\n<p class=\"has-small-font-size\">Conform\u00e9ment \u00e0 la loi informatique et libert\u00e9, vous pouvez demander la rectification des donn\u00e9es vous concernant en \u00e9crivant par mail \u00e0 contact@oree-de-marly.com ou par courrier \u00e0 l&#8217;adresse suivante: Conseil Syndical de L&#8217;Or\u00e9e de Marly, 1 bis R\u00e9sidence de l&#8217;Or\u00e9e de Marly, 78590 Noisy-le-Roi.<br>L&#8217;utilisation des donn\u00e9es \u00e0 caract\u00e8re personnel (nom, pr\u00e9nom, date de naissance et coordonn\u00e9es) est exclusivement r\u00e9serv\u00e9e au conseil syndical, au syndic ou aux gardiens pour la cr\u00e9ation et la gestion des cartes d&#8217;entr\u00e9es \u00e0 la piscine de l&#8217;Or\u00e9e de Marly. Elles sont conserv\u00e9es pendant la dur\u00e9e de validit\u00e9 de la carte et au maximum un an apr\u00e8s l&#8217;expiration de la carte.<br>Pour plus d&#8217;information consultez le document <a href=\"https:\/\/oree-de-marly.com\/wp-content\/uploads\/2026\/04\/Gestion-des-cartes-de-piscine-et-RGPD.pdf\" target=\"_blank\" rel=\"noreferrer noopener\">Gestion des cartes de piscine et RGPD<\/a>.<\/p>\n","protected":false},"excerpt":{"rendered":"<p>Saison 2025 : Ouverture tous les jours du 14 juin au 31 ao\u00fbt. Horaires d&#8217;ouverture : Jour Ouverture Fermeture Lundi 11h 21h* Mardi 11h 21h* Mercredi 11h 20h Jeudi 14h 20h Vendredi 11h 21h* Samedi 11h 20h Dimanche 11h 20h * A partir du 18 ao\u00fbt fermeture tous les jours \u00e0 20h Modalit\u00e9s d&#8217;acc\u00e8s: Pour &hellip; <\/p>\n<p class=\"link-more\"><a href=\"https:\/\/oree-de-marly.com\/?page_id=104\" class=\"more-link\">Continuer la lecture<span class=\"screen-reader-text\"> de &laquo;&nbsp;Piscine&nbsp;&raquo;<\/span><\/a><\/p>\n","protected":false},"author":1,"featured_media":0,"parent":109,"menu_order":0,"comment_status":"closed","ping_status":"closed","template":"","meta":{"footnotes":""},"class_list":["post-104","page","type-page","status-publish","hentry"],"jetpack_sharing_enabled":true,"_links":{"self":[{"href":"https:\/\/oree-de-marly.com\/index.php?rest_route=\/wp\/v2\/pages\/104","targetHints":{"allow":["GET"]}}],"collection":[{"href":"https:\/\/oree-de-marly.com\/index.php?rest_route=\/wp\/v2\/pages"}],"about":[{"href":"https:\/\/oree-de-marly.com\/index.php?rest_route=\/wp\/v2\/types\/page"}],"author":[{"embeddable":true,"href":"https:\/\/oree-de-marly.com\/index.php?rest_route=\/wp\/v2\/users\/1"}],"replies":[{"embeddable":true,"href":"https:\/\/oree-de-marly.com\/index.php?rest_route=%2Fwp%2Fv2%2Fcomments&post=104"}],"version-history":[{"count":81,"href":"https:\/\/oree-de-marly.com\/index.php?rest_route=\/wp\/v2\/pages\/104\/revisions"}],"predecessor-version":[{"id":4375,"href":"https:\/\/oree-de-marly.com\/index.php?rest_route=\/wp\/v2\/pages\/104\/revisions\/4375"}],"up":[{"embeddable":true,"href":"https:\/\/oree-de-marly.com\/index.php?rest_route=\/wp\/v2\/pages\/109"}],"wp:attachment":[{"href":"https:\/\/oree-de-marly.com\/index.php?rest_route=%2Fwp%2Fv2%2Fmedia&parent=104"}],"curies":[{"name":"wp","href":"https:\/\/api.w.org\/{rel}","templated":true}]}}